{"id":141,"date":"2024-12-19T09:56:59","date_gmt":"2024-12-19T08:56:59","guid":{"rendered":"https:\/\/jfracingevents.com\/?page_id=141"},"modified":"2026-01-21T14:55:39","modified_gmt":"2026-01-21T13:55:39","slug":"jerome-fougeray-fr","status":"publish","type":"page","link":"https:\/\/jfracingevents.com\/fr\/jerome-fougeray-fr\/","title":{"rendered":"J\u00e9r\u00f4me Fougeray-fr"},"content":{"rendered":"<div data-elementor-type=\"wp-page\" data-elementor-id=\"141\" class=\"elementor elementor-141\" data-elementor-post-type=\"page\">\n\t\t\t\t<div class=\"elementor-element elementor-element-9ac6595 e-flex e-con-boxed e-con e-parent\" data-id=\"9ac6595\" data-element_type=\"container\" data-e-type=\"container\">\n\t\t\t\t\t<div class=\"e-con-inner\">\n\t\t\t\t<div class=\"elementor-element elementor-element-aae9893 elementor-widget elementor-widget-heading\" data-id=\"aae9893\" data-element_type=\"widget\" data-e-type=\"widget\" data-widget_type=\"heading.default\">\n\t\t\t\t<div class=\"elementor-widget-container\">\n\t\t\t\t\t<h1 class=\"elementor-heading-title elementor-size-default\">A propos de J\u00e9r\u00f4me<\/h1>\t\t\t\t<\/div>\n\t\t\t\t<\/div>\n\t\t\t\t<div class=\"elementor-element elementor-element-8ccc725 elementor-widget__width-inherit elementor-widget elementor-widget-image\" data-id=\"8ccc725\" data-element_type=\"widget\" data-e-type=\"widget\" data-widget_type=\"image.default\">\n\t\t\t\t<div class=\"elementor-widget-container\">\n\t\t\t\t\t\t\t\t\t\t\t\t\t\t\t<img fetchpriority=\"high\" decoding=\"async\" width=\"960\" height=\"752\" src=\"https:\/\/jfracingevents.com\/wp-content\/uploads\/2026\/01\/Working-without-these-two-guys-would-not-have-the-same-taste-frenchmafia.jpg\" class=\"attachment-large size-large wp-image-423\" alt=\"\" srcset=\"https:\/\/jfracingevents.com\/wp-content\/uploads\/2026\/01\/Working-without-these-two-guys-would-not-have-the-same-taste-frenchmafia.jpg 960w, https:\/\/jfracingevents.com\/wp-content\/uploads\/2026\/01\/Working-without-these-two-guys-would-not-have-the-same-taste-frenchmafia-300x235.jpg 300w, https:\/\/jfracingevents.com\/wp-content\/uploads\/2026\/01\/Working-without-these-two-guys-would-not-have-the-same-taste-frenchmafia-768x602.jpg 768w, https:\/\/jfracingevents.com\/wp-content\/uploads\/2026\/01\/Working-without-these-two-guys-would-not-have-the-same-taste-frenchmafia-15x12.jpg 15w\" sizes=\"(max-width: 960px) 100vw, 960px\" \/>\t\t\t\t\t\t\t\t\t\t\t\t\t\t\t<\/div>\n\t\t\t\t<\/div>\n\t\t\t\t<div class=\"elementor-element elementor-element-ced07e6 elementor-widget elementor-widget-text-editor\" data-id=\"ced07e6\" data-element_type=\"widget\" data-e-type=\"widget\" data-widget_type=\"text-editor.default\">\n\t\t\t\t<div class=\"elementor-widget-container\">\n\t\t\t\t\t\t\t\t\t<p><strong>JF Racing Events<\/strong> a \u00e9t\u00e9 fond\u00e9e par <strong>J\u00e9r\u00f4me Fougeray<\/strong>, natif du Mans n\u00e9 d&#8217;une passion pour l&#8217;endurance.<\/p><p>Tout au long d&#8217;une carri\u00e8re qui comprend des travaux chez Courage, Oreca et Toyota, J\u00e9r\u00f4me s&#8217;efforce constamment de d\u00e9velopper des comp\u00e9tences, des contacts et des exp\u00e9riences, tout en partageant son amour du sport automobile avec un r\u00e9seau mondial d&#8217;amis et de collaborateurs.<\/p><p>Un partenariat \u00e0 long terme avec Toyota dans le <strong>Championnat du Monde d&#8217;Endurance<\/strong> de la <strong>FIA<\/strong> a d\u00e9but\u00e9 en 2012 et se poursuit encore aujourd&#8217;hui. D&#8217;abord salari\u00e9 d&#8217;Oreca, puis depuis 2023 au sein de JF Racing Events bas\u00e9 au Mans, J\u00e9r\u00f4me est toujours pr\u00e9sent au sein de l&#8217;\u00e9quipe <strong>TOYOTA GAZOO Racing<\/strong> pour ses multiples succ\u00e8s aux 24 Heures du Mans et en Championnat du Monde.<\/p>\t\t\t\t\t\t\t\t<\/div>\n\t\t\t\t<\/div>\n\t\t<div class=\"elementor-element elementor-element-4c34e44 e-con-full e-flex e-con e-child\" data-id=\"4c34e44\" data-element_type=\"container\" data-e-type=\"container\">\n\t\t<div class=\"elementor-element elementor-element-de67e4c e-con-full e-flex e-con e-child\" data-id=\"de67e4c\" data-element_type=\"container\" data-e-type=\"container\">\n\t\t<div class=\"elementor-element elementor-element-182a8a8 e-con-full e-flex e-con e-child\" data-id=\"182a8a8\" data-element_type=\"container\" data-e-type=\"container\">\n\t\t\t\t<div class=\"elementor-element elementor-element-f7aff51 elementor-widget elementor-widget-image\" data-id=\"f7aff51\" data-element_type=\"widget\" data-e-type=\"widget\" data-widget_type=\"image.default\">\n\t\t\t\t<div class=\"elementor-widget-container\">\n\t\t\t\t\t\t\t\t\t\t\t\t\t\t\t<img decoding=\"async\" width=\"1024\" height=\"898\" src=\"https:\/\/jfracingevents.com\/wp-content\/uploads\/2026\/01\/458197250_712333077750340_437004946320991625_n.jpg\" class=\"attachment-large size-large wp-image-415\" alt=\"\" srcset=\"https:\/\/jfracingevents.com\/wp-content\/uploads\/2026\/01\/458197250_712333077750340_437004946320991625_n.jpg 1024w, https:\/\/jfracingevents.com\/wp-content\/uploads\/2026\/01\/458197250_712333077750340_437004946320991625_n-300x263.jpg 300w, https:\/\/jfracingevents.com\/wp-content\/uploads\/2026\/01\/458197250_712333077750340_437004946320991625_n-768x674.jpg 768w, https:\/\/jfracingevents.com\/wp-content\/uploads\/2026\/01\/458197250_712333077750340_437004946320991625_n-14x12.jpg 14w\" sizes=\"(max-width: 1024px) 100vw, 1024px\" \/>\t\t\t\t\t\t\t\t\t\t\t\t\t\t\t<\/div>\n\t\t\t\t<\/div>\n\t\t\t\t<\/div>\n\t\t<div class=\"elementor-element elementor-element-f5d55b5 e-con-full e-flex e-con e-child\" data-id=\"f5d55b5\" data-element_type=\"container\" data-e-type=\"container\">\n\t\t\t\t<div class=\"elementor-element elementor-element-aa63809 elementor-widget elementor-widget-image\" data-id=\"aa63809\" data-element_type=\"widget\" data-e-type=\"widget\" data-widget_type=\"image.default\">\n\t\t\t\t<div class=\"elementor-widget-container\">\n\t\t\t\t\t\t\t\t\t\t\t\t\t\t\t<img decoding=\"async\" width=\"1024\" height=\"1024\" src=\"https:\/\/jfracingevents.com\/wp-content\/uploads\/2026\/01\/Good-time-this-morning-with-TGR-WEC-TGR-WRT-TGR-Rally-Raid-and-Toyota-Olympics-and-Paralympics-department-members-who-discovered-or-re-discovered-24h-museum-and-track-tgrfamily-1-1024x1024.jpg\" class=\"attachment-large size-large wp-image-416\" alt=\"\" srcset=\"https:\/\/jfracingevents.com\/wp-content\/uploads\/2026\/01\/Good-time-this-morning-with-TGR-WEC-TGR-WRT-TGR-Rally-Raid-and-Toyota-Olympics-and-Paralympics-department-members-who-discovered-or-re-discovered-24h-museum-and-track-tgrfamily-1-1024x1024.jpg 1024w, https:\/\/jfracingevents.com\/wp-content\/uploads\/2026\/01\/Good-time-this-morning-with-TGR-WEC-TGR-WRT-TGR-Rally-Raid-and-Toyota-Olympics-and-Paralympics-department-members-who-discovered-or-re-discovered-24h-museum-and-track-tgrfamily-1-300x300.jpg 300w, https:\/\/jfracingevents.com\/wp-content\/uploads\/2026\/01\/Good-time-this-morning-with-TGR-WEC-TGR-WRT-TGR-Rally-Raid-and-Toyota-Olympics-and-Paralympics-department-members-who-discovered-or-re-discovered-24h-museum-and-track-tgrfamily-1-150x150.jpg 150w, https:\/\/jfracingevents.com\/wp-content\/uploads\/2026\/01\/Good-time-this-morning-with-TGR-WEC-TGR-WRT-TGR-Rally-Raid-and-Toyota-Olympics-and-Paralympics-department-members-who-discovered-or-re-discovered-24h-museum-and-track-tgrfamily-1-768x768.jpg 768w, https:\/\/jfracingevents.com\/wp-content\/uploads\/2026\/01\/Good-time-this-morning-with-TGR-WEC-TGR-WRT-TGR-Rally-Raid-and-Toyota-Olympics-and-Paralympics-department-members-who-discovered-or-re-discovered-24h-museum-and-track-tgrfamily-1-12x12.jpg 12w, https:\/\/jfracingevents.com\/wp-content\/uploads\/2026\/01\/Good-time-this-morning-with-TGR-WEC-TGR-WRT-TGR-Rally-Raid-and-Toyota-Olympics-and-Paralympics-department-members-who-discovered-or-re-discovered-24h-museum-and-track-tgrfamily-1.jpg 1080w\" sizes=\"(max-width: 1024px) 100vw, 1024px\" \/>\t\t\t\t\t\t\t\t\t\t\t\t\t\t\t<\/div>\n\t\t\t\t<\/div>\n\t\t\t\t<\/div>\n\t\t\t\t<\/div>\n\t\t\t\t<div class=\"elementor-element elementor-element-77ef849 elementor-widget elementor-widget-text-editor\" data-id=\"77ef849\" data-element_type=\"widget\" data-e-type=\"widget\" data-widget_type=\"text-editor.default\">\n\t\t\t\t<div class=\"elementor-widget-container\">\n\t\t\t\t\t\t\t\t\t<p>Dans le r\u00f4le de coordinateur marketing, les responsabilit\u00e9s de J\u00e9r\u00f4me incluent la fourniture de services d&#8217;accueil dans les d\u00e9lais et dans le respect du budget, y compris aux <strong>24 Heures du Mans<\/strong>, la gestion logistique pour les pilotes et les dirigeants de course, la coordination de l&#8217;image de marque et de la billetterie sur site, ainsi qu&#8217;un soutien direct pour le chef d&#8217;\u00e9quipe pour maintenir le bon fonctionnement de l&#8217;\u00e9quipe de course.<\/p><p>La profonde compr\u00e9hension de J\u00e9r\u00f4me du sport automobile et sa solide \u00e9thique de travail garantissent que rien n\u2019est laiss\u00e9 au hasard dans la recherche de performances optimales pour une \u00e9quipe, un \u00e9v\u00e9nement ou un projet.<\/p>\t\t\t\t\t\t\t\t<\/div>\n\t\t\t\t<\/div>\n\t\t\t\t<div class=\"elementor-element elementor-element-8493940 elementor-widget__width-inherit elementor-widget elementor-widget-image\" data-id=\"8493940\" data-element_type=\"widget\" data-e-type=\"widget\" data-widget_type=\"image.default\">\n\t\t\t\t<div class=\"elementor-widget-container\">\n\t\t\t\t\t\t\t\t\t\t\t\t\t\t\t<img loading=\"lazy\" decoding=\"async\" width=\"1024\" height=\"576\" src=\"https:\/\/jfracingevents.com\/wp-content\/uploads\/2026\/01\/This-year-I-had-the-best-catering-team-ever-Thank-you-for-everything-and-especialy-your-kindness-and-your-hard-work.-Our-podium-is-also-yours-@eila.de_-1024x576.jpg\" class=\"attachment-large size-large wp-image-422\" alt=\"\" srcset=\"https:\/\/jfracingevents.com\/wp-content\/uploads\/2026\/01\/This-year-I-had-the-best-catering-team-ever-Thank-you-for-everything-and-especialy-your-kindness-and-your-hard-work.-Our-podium-is-also-yours-@eila.de_-1024x576.jpg 1024w, https:\/\/jfracingevents.com\/wp-content\/uploads\/2026\/01\/This-year-I-had-the-best-catering-team-ever-Thank-you-for-everything-and-especialy-your-kindness-and-your-hard-work.-Our-podium-is-also-yours-@eila.de_-300x169.jpg 300w, https:\/\/jfracingevents.com\/wp-content\/uploads\/2026\/01\/This-year-I-had-the-best-catering-team-ever-Thank-you-for-everything-and-especialy-your-kindness-and-your-hard-work.-Our-podium-is-also-yours-@eila.de_-768x432.jpg 768w, https:\/\/jfracingevents.com\/wp-content\/uploads\/2026\/01\/This-year-I-had-the-best-catering-team-ever-Thank-you-for-everything-and-especialy-your-kindness-and-your-hard-work.-Our-podium-is-also-yours-@eila.de_-18x10.jpg 18w, https:\/\/jfracingevents.com\/wp-content\/uploads\/2026\/01\/This-year-I-had-the-best-catering-team-ever-Thank-you-for-everything-and-especialy-your-kindness-and-your-hard-work.-Our-podium-is-also-yours-@eila.de_.jpg 1080w\" sizes=\"(max-width: 1024px) 100vw, 1024px\" \/>\t\t\t\t\t\t\t\t\t\t\t\t\t\t\t<\/div>\n\t\t\t\t<\/div>\n\t\t\t\t<\/div>\n\t\t\t\t\t<\/div>\n\t\t\t\t<\/div>\n\t\t\t\t<\/div>","protected":false},"excerpt":{"rendered":"<p>A propos de J\u00e9r\u00f4me JF Racing Events a \u00e9t\u00e9 fond\u00e9e par J\u00e9r\u00f4me Fougeray, natif du Mans n\u00e9 d&#8217;une passion pour l&#8217;endurance. Tout au long d&#8217;une carri\u00e8re qui comprend des travaux chez Courage, Oreca et Toyota, J\u00e9r\u00f4me s&#8217;efforce constamment de d\u00e9velopper des comp\u00e9tences, des contacts et des exp\u00e9riences, tout en partageant son amour du sport automobile&hellip;&nbsp;<\/p>","protected":false},"author":1,"featured_media":0,"parent":0,"menu_order":0,"comment_status":"closed","ping_status":"closed","template":"elementor_header_footer","meta":{"neve_meta_sidebar":"","neve_meta_container":"","neve_meta_enable_content_width":"","neve_meta_content_width":0,"neve_meta_title_alignment":"","neve_meta_author_avatar":"","neve_post_elements_order":"","neve_meta_disable_header":"","neve_meta_disable_footer":"","neve_meta_disable_title":"","footnotes":""},"class_list":["post-141","page","type-page","status-publish","hentry"],"yoast_head":"<!-- This site is optimized with the Yoast SEO plugin v27.5 - https:\/\/yoast.com\/product\/yoast-seo-wordpress\/ -->\n<title>J\u00e9r\u00f4me Fougeray-fr - jfracingevents.com<\/title>\n<meta name=\"description\" content=\"JF Racing Events a \u00e9t\u00e9 fond\u00e9e par J\u00e9r\u00f4me Fougeray, Un partenariat \u00e0 long terme avec Toyota dans le Championnat du Monde d\u2019Endurance de la FIA (WEC, 24 Heures du Mans) a d\u00e9but\u00e9 en 2012 et se poursuit encore aujourd\u2019hui.\" \/>\n<meta name=\"robots\" content=\"index, follow, max-snippet:-1, max-image-preview:large, max-video-preview:-1\" \/>\n<link rel=\"canonical\" href=\"https:\/\/jfracingevents.com\/fr\/jerome-fougeray-fr\/\" \/>\n<meta property=\"og:locale\" content=\"fr_FR\" \/>\n<meta property=\"og:type\" content=\"article\" \/>\n<meta property=\"og:title\" content=\"J\u00e9r\u00f4me Fougeray-fr - jfracingevents.com\" \/>\n<meta property=\"og:description\" content=\"JF Racing Events a \u00e9t\u00e9 fond\u00e9e par J\u00e9r\u00f4me Fougeray, Un partenariat \u00e0 long terme avec Toyota dans le Championnat du Monde d\u2019Endurance de la FIA (WEC, 24 Heures du Mans) a d\u00e9but\u00e9 en 2012 et se poursuit encore aujourd\u2019hui.\" \/>\n<meta property=\"og:url\" content=\"https:\/\/jfracingevents.com\/fr\/jerome-fougeray-fr\/\" \/>\n<meta property=\"og:site_name\" content=\"jfracingevents.com\" \/>\n<meta property=\"article:modified_time\" content=\"2026-01-21T13:55:39+00:00\" \/>\n<meta property=\"og:image\" content=\"https:\/\/jfracingevents.com\/wp-content\/uploads\/2026\/01\/Working-without-these-two-guys-would-not-have-the-same-taste-frenchmafia.jpg\" \/>\n\t<meta property=\"og:image:width\" content=\"960\" \/>\n\t<meta property=\"og:image:height\" content=\"752\" \/>\n\t<meta property=\"og:image:type\" content=\"image\/jpeg\" \/>\n<meta name=\"twitter:card\" content=\"summary_large_image\" \/>\n<meta name=\"twitter:label1\" content=\"Dur\u00e9e de lecture estim\u00e9e\" \/>\n\t<meta name=\"twitter:data1\" content=\"2 minutes\" \/>\n<script type=\"application\/ld+json\" class=\"yoast-schema-graph\">{\"@context\":\"https:\\\/\\\/schema.org\",\"@graph\":[{\"@type\":\"WebPage\",\"@id\":\"https:\\\/\\\/jfracingevents.com\\\/jerome-fougeray-fr\\\/\",\"url\":\"https:\\\/\\\/jfracingevents.com\\\/jerome-fougeray-fr\\\/\",\"name\":\"J\u00e9r\u00f4me Fougeray-fr - jfracingevents.com\",\"isPartOf\":{\"@id\":\"https:\\\/\\\/jfracingevents.com\\\/#website\"},\"primaryImageOfPage\":{\"@id\":\"https:\\\/\\\/jfracingevents.com\\\/jerome-fougeray-fr\\\/#primaryimage\"},\"image\":{\"@id\":\"https:\\\/\\\/jfracingevents.com\\\/jerome-fougeray-fr\\\/#primaryimage\"},\"thumbnailUrl\":\"https:\\\/\\\/jfracingevents.com\\\/wp-content\\\/uploads\\\/2026\\\/01\\\/Working-without-these-two-guys-would-not-have-the-same-taste-frenchmafia.jpg\",\"datePublished\":\"2024-12-19T08:56:59+00:00\",\"dateModified\":\"2026-01-21T13:55:39+00:00\",\"description\":\"JF Racing Events a \u00e9t\u00e9 fond\u00e9e par J\u00e9r\u00f4me Fougeray, Un partenariat \u00e0 long terme avec Toyota dans le Championnat du Monde d\u2019Endurance de la FIA (WEC, 24 Heures du Mans) a d\u00e9but\u00e9 en 2012 et se poursuit encore aujourd\u2019hui.\",\"breadcrumb\":{\"@id\":\"https:\\\/\\\/jfracingevents.com\\\/jerome-fougeray-fr\\\/#breadcrumb\"},\"inLanguage\":\"fr-FR\",\"potentialAction\":[{\"@type\":\"ReadAction\",\"target\":[\"https:\\\/\\\/jfracingevents.com\\\/jerome-fougeray-fr\\\/\"]}]},{\"@type\":\"ImageObject\",\"inLanguage\":\"fr-FR\",\"@id\":\"https:\\\/\\\/jfracingevents.com\\\/jerome-fougeray-fr\\\/#primaryimage\",\"url\":\"https:\\\/\\\/jfracingevents.com\\\/wp-content\\\/uploads\\\/2026\\\/01\\\/Working-without-these-two-guys-would-not-have-the-same-taste-frenchmafia.jpg\",\"contentUrl\":\"https:\\\/\\\/jfracingevents.com\\\/wp-content\\\/uploads\\\/2026\\\/01\\\/Working-without-these-two-guys-would-not-have-the-same-taste-frenchmafia.jpg\"},{\"@type\":\"BreadcrumbList\",\"@id\":\"https:\\\/\\\/jfracingevents.com\\\/jerome-fougeray-fr\\\/#breadcrumb\",\"itemListElement\":[{\"@type\":\"ListItem\",\"position\":1,\"name\":\"Accueil\",\"item\":\"https:\\\/\\\/jfracingevents.com\\\/\"},{\"@type\":\"ListItem\",\"position\":2,\"name\":\"J\u00e9r\u00f4me Fougeray-fr\"}]},{\"@type\":\"WebSite\",\"@id\":\"https:\\\/\\\/jfracingevents.com\\\/#website\",\"url\":\"https:\\\/\\\/jfracingevents.com\\\/\",\"name\":\"jfracingevents.com\",\"description\":\"sports consulting\",\"publisher\":{\"@id\":\"https:\\\/\\\/jfracingevents.com\\\/#organization\"},\"potentialAction\":[{\"@type\":\"SearchAction\",\"target\":{\"@type\":\"EntryPoint\",\"urlTemplate\":\"https:\\\/\\\/jfracingevents.com\\\/?s={search_term_string}\"},\"query-input\":{\"@type\":\"PropertyValueSpecification\",\"valueRequired\":true,\"valueName\":\"search_term_string\"}}],\"inLanguage\":\"fr-FR\"},{\"@type\":\"Organization\",\"@id\":\"https:\\\/\\\/jfracingevents.com\\\/#organization\",\"name\":\"jfracingevents.com\",\"url\":\"https:\\\/\\\/jfracingevents.com\\\/\",\"logo\":{\"@type\":\"ImageObject\",\"inLanguage\":\"fr-FR\",\"@id\":\"https:\\\/\\\/jfracingevents.com\\\/#\\\/schema\\\/logo\\\/image\\\/\",\"url\":\"https:\\\/\\\/jfracingevents.com\\\/wp-content\\\/uploads\\\/2024\\\/09\\\/Logo-JF-Racing-Events-Moy-Def-CMJN-Sans-fond.png\",\"contentUrl\":\"https:\\\/\\\/jfracingevents.com\\\/wp-content\\\/uploads\\\/2024\\\/09\\\/Logo-JF-Racing-Events-Moy-Def-CMJN-Sans-fond.png\",\"width\":1772,\"height\":922,\"caption\":\"jfracingevents.com\"},\"image\":{\"@id\":\"https:\\\/\\\/jfracingevents.com\\\/#\\\/schema\\\/logo\\\/image\\\/\"}}]}<\/script>\n<!-- \/ Yoast SEO plugin. -->","yoast_head_json":{"title":"J\u00e9r\u00f4me Fougeray-fr - jfracingevents.com","description":"JF Racing Events a \u00e9t\u00e9 fond\u00e9e par J\u00e9r\u00f4me Fougeray, Un partenariat \u00e0 long terme avec Toyota dans le Championnat du Monde d\u2019Endurance de la FIA (WEC, 24 Heures du Mans) a d\u00e9but\u00e9 en 2012 et se poursuit encore aujourd\u2019hui.","robots":{"index":"index","follow":"follow","max-snippet":"max-snippet:-1","max-image-preview":"max-image-preview:large","max-video-preview":"max-video-preview:-1"},"canonical":"https:\/\/jfracingevents.com\/fr\/jerome-fougeray-fr\/","og_locale":"fr_FR","og_type":"article","og_title":"J\u00e9r\u00f4me Fougeray-fr - jfracingevents.com","og_description":"JF Racing Events a \u00e9t\u00e9 fond\u00e9e par J\u00e9r\u00f4me Fougeray, Un partenariat \u00e0 long terme avec Toyota dans le Championnat du Monde d\u2019Endurance de la FIA (WEC, 24 Heures du Mans) a d\u00e9but\u00e9 en 2012 et se poursuit encore aujourd\u2019hui.","og_url":"https:\/\/jfracingevents.com\/fr\/jerome-fougeray-fr\/","og_site_name":"jfracingevents.com","article_modified_time":"2026-01-21T13:55:39+00:00","og_image":[{"width":960,"height":752,"url":"https:\/\/jfracingevents.com\/wp-content\/uploads\/2026\/01\/Working-without-these-two-guys-would-not-have-the-same-taste-frenchmafia.jpg","type":"image\/jpeg"}],"twitter_card":"summary_large_image","twitter_misc":{"Dur\u00e9e de lecture estim\u00e9e":"2 minutes"},"schema":{"@context":"https:\/\/schema.org","@graph":[{"@type":"WebPage","@id":"https:\/\/jfracingevents.com\/jerome-fougeray-fr\/","url":"https:\/\/jfracingevents.com\/jerome-fougeray-fr\/","name":"J\u00e9r\u00f4me Fougeray-fr - jfracingevents.com","isPartOf":{"@id":"https:\/\/jfracingevents.com\/#website"},"primaryImageOfPage":{"@id":"https:\/\/jfracingevents.com\/jerome-fougeray-fr\/#primaryimage"},"image":{"@id":"https:\/\/jfracingevents.com\/jerome-fougeray-fr\/#primaryimage"},"thumbnailUrl":"https:\/\/jfracingevents.com\/wp-content\/uploads\/2026\/01\/Working-without-these-two-guys-would-not-have-the-same-taste-frenchmafia.jpg","datePublished":"2024-12-19T08:56:59+00:00","dateModified":"2026-01-21T13:55:39+00:00","description":"JF Racing Events a \u00e9t\u00e9 fond\u00e9e par J\u00e9r\u00f4me Fougeray, Un partenariat \u00e0 long terme avec Toyota dans le Championnat du Monde d\u2019Endurance de la FIA (WEC, 24 Heures du Mans) a d\u00e9but\u00e9 en 2012 et se poursuit encore aujourd\u2019hui.","breadcrumb":{"@id":"https:\/\/jfracingevents.com\/jerome-fougeray-fr\/#breadcrumb"},"inLanguage":"fr-FR","potentialAction":[{"@type":"ReadAction","target":["https:\/\/jfracingevents.com\/jerome-fougeray-fr\/"]}]},{"@type":"ImageObject","inLanguage":"fr-FR","@id":"https:\/\/jfracingevents.com\/jerome-fougeray-fr\/#primaryimage","url":"https:\/\/jfracingevents.com\/wp-content\/uploads\/2026\/01\/Working-without-these-two-guys-would-not-have-the-same-taste-frenchmafia.jpg","contentUrl":"https:\/\/jfracingevents.com\/wp-content\/uploads\/2026\/01\/Working-without-these-two-guys-would-not-have-the-same-taste-frenchmafia.jpg"},{"@type":"BreadcrumbList","@id":"https:\/\/jfracingevents.com\/jerome-fougeray-fr\/#breadcrumb","itemListElement":[{"@type":"ListItem","position":1,"name":"Accueil","item":"https:\/\/jfracingevents.com\/"},{"@type":"ListItem","position":2,"name":"J\u00e9r\u00f4me Fougeray-fr"}]},{"@type":"WebSite","@id":"https:\/\/jfracingevents.com\/#website","url":"https:\/\/jfracingevents.com\/","name":"jfracingevents.com","description":"sports consulting","publisher":{"@id":"https:\/\/jfracingevents.com\/#organization"},"potentialAction":[{"@type":"SearchAction","target":{"@type":"EntryPoint","urlTemplate":"https:\/\/jfracingevents.com\/?s={search_term_string}"},"query-input":{"@type":"PropertyValueSpecification","valueRequired":true,"valueName":"search_term_string"}}],"inLanguage":"fr-FR"},{"@type":"Organization","@id":"https:\/\/jfracingevents.com\/#organization","name":"jfracingevents.com","url":"https:\/\/jfracingevents.com\/","logo":{"@type":"ImageObject","inLanguage":"fr-FR","@id":"https:\/\/jfracingevents.com\/#\/schema\/logo\/image\/","url":"https:\/\/jfracingevents.com\/wp-content\/uploads\/2024\/09\/Logo-JF-Racing-Events-Moy-Def-CMJN-Sans-fond.png","contentUrl":"https:\/\/jfracingevents.com\/wp-content\/uploads\/2024\/09\/Logo-JF-Racing-Events-Moy-Def-CMJN-Sans-fond.png","width":1772,"height":922,"caption":"jfracingevents.com"},"image":{"@id":"https:\/\/jfracingevents.com\/#\/schema\/logo\/image\/"}}]}},"jetpack_sharing_enabled":true,"_links":{"self":[{"href":"https:\/\/jfracingevents.com\/fr\/wp-json\/wp\/v2\/pages\/141","targetHints":{"allow":["GET"]}}],"collection":[{"href":"https:\/\/jfracingevents.com\/fr\/wp-json\/wp\/v2\/pages"}],"about":[{"href":"https:\/\/jfracingevents.com\/fr\/wp-json\/wp\/v2\/types\/page"}],"author":[{"embeddable":true,"href":"https:\/\/jfracingevents.com\/fr\/wp-json\/wp\/v2\/users\/1"}],"replies":[{"embeddable":true,"href":"https:\/\/jfracingevents.com\/fr\/wp-json\/wp\/v2\/comments?post=141"}],"version-history":[{"count":29,"href":"https:\/\/jfracingevents.com\/fr\/wp-json\/wp\/v2\/pages\/141\/revisions"}],"predecessor-version":[{"id":573,"href":"https:\/\/jfracingevents.com\/fr\/wp-json\/wp\/v2\/pages\/141\/revisions\/573"}],"wp:attachment":[{"href":"https:\/\/jfracingevents.com\/fr\/wp-json\/wp\/v2\/media?parent=141"}],"curies":[{"name":"wp","href":"https:\/\/api.w.org\/{rel}","templated":true}]}}