{"id":168,"date":"2024-12-19T10:11:24","date_gmt":"2024-12-19T09:11:24","guid":{"rendered":"https:\/\/jfracingevents.com\/?page_id=168"},"modified":"2024-12-19T10:18:45","modified_gmt":"2024-12-19T09:18:45","slug":"partenaires","status":"publish","type":"page","link":"https:\/\/jfracingevents.com\/fr\/partenaires\/","title":{"rendered":"Partenaires"},"content":{"rendered":"<div data-elementor-type=\"wp-page\" data-elementor-id=\"168\" class=\"elementor elementor-168\" data-elementor-post-type=\"page\">\n\t\t\t\t<div class=\"elementor-element elementor-element-38ee329 e-flex e-con-boxed e-con e-parent\" data-id=\"38ee329\" data-element_type=\"container\" data-e-type=\"container\">\n\t\t\t\t\t<div class=\"e-con-inner\">\n\t\t\t\t<div class=\"elementor-element elementor-element-2aef872 elementor-widget elementor-widget-heading\" data-id=\"2aef872\" data-element_type=\"widget\" data-e-type=\"widget\" data-widget_type=\"heading.default\">\n\t\t\t\t<div class=\"elementor-widget-container\">\n\t\t\t\t\t<h2 class=\"elementor-heading-title elementor-size-default\">Activit\u00e9s<\/h2>\t\t\t\t<\/div>\n\t\t\t\t<\/div>\n\t\t\t\t<div class=\"elementor-element elementor-element-d7271c5 elementor-widget elementor-widget-heading\" data-id=\"d7271c5\" data-element_type=\"widget\" data-e-type=\"widget\" data-widget_type=\"heading.default\">\n\t\t\t\t<div class=\"elementor-widget-container\">\n\t\t\t\t\t<h2 class=\"elementor-heading-title elementor-size-default\">Partenaires<\/h2>\t\t\t\t<\/div>\n\t\t\t\t<\/div>\n\t\t\t\t<div class=\"elementor-element elementor-element-b8d25fc elementor-widget elementor-widget-text-editor\" data-id=\"b8d25fc\" data-element_type=\"widget\" data-e-type=\"widget\" data-widget_type=\"text-editor.default\">\n\t\t\t\t<div class=\"elementor-widget-container\">\n\t\t\t\t\t\t\t\t\t<p>Pour offrir un service 360\u00b0 de premier ordre \u00e0 ses clients, JF Racing Events b\u00e9n\u00e9ficie d\u2019un r\u00e9seau de partenaires de confiance, disponibles pour des projets de grande ou petite taille selon les besoins. Outre ce r\u00e9seau de partenaires, de nombreux aspects des projets actuels de JF Racing Events impliquent l\u2019int\u00e9gration de nouveaux fournisseurs dans les projets existants, garantissant une passation de responsabilit\u00e9s fluide et une conformit\u00e9 avec le fonctionnement de l\u2019\u00e9quipe.<\/p>\t\t\t\t\t\t\t\t<\/div>\n\t\t\t\t<\/div>\n\t\t<div class=\"elementor-element elementor-element-7a26205 e-con-full e-flex e-con e-child\" data-id=\"7a26205\" data-element_type=\"container\" data-e-type=\"container\">\n\t\t<div class=\"elementor-element elementor-element-2e28f0b e-con-full e-flex e-con e-child\" data-id=\"2e28f0b\" data-element_type=\"container\" data-e-type=\"container\">\n\t\t\t\t<div class=\"elementor-element elementor-element-118e5fb elementor-widget__width-inherit elementor-widget elementor-widget-image\" data-id=\"118e5fb\" data-element_type=\"widget\" data-e-type=\"widget\" data-widget_type=\"image.default\">\n\t\t\t\t<div class=\"elementor-widget-container\">\n\t\t\t\t\t\t\t\t\t\t\t\t\t\t\t<img fetchpriority=\"high\" decoding=\"async\" width=\"474\" height=\"146\" src=\"https:\/\/jfracingevents.com\/wp-content\/uploads\/2024\/12\/Logo-Toyota-Gazoo-Racing.jpg\" class=\"attachment-large size-large wp-image-127\" alt=\"Logo Officiel TOYOTA GAZOO RACING, partenaire de JF Racing &amp; Events\" srcset=\"https:\/\/jfracingevents.com\/wp-content\/uploads\/2024\/12\/Logo-Toyota-Gazoo-Racing.jpg 474w, https:\/\/jfracingevents.com\/wp-content\/uploads\/2024\/12\/Logo-Toyota-Gazoo-Racing-300x92.jpg 300w\" sizes=\"(max-width: 474px) 100vw, 474px\" \/>\t\t\t\t\t\t\t\t\t\t\t\t\t\t\t<\/div>\n\t\t\t\t<\/div>\n\t\t\t\t<\/div>\n\t\t\t\t<\/div>\n\t\t\t\t<div class=\"elementor-element elementor-element-288bbfd elementor-widget elementor-widget-heading\" data-id=\"288bbfd\" data-element_type=\"widget\" data-e-type=\"widget\" data-widget_type=\"heading.default\">\n\t\t\t\t<div class=\"elementor-widget-container\">\n\t\t\t\t\t<h2 class=\"elementor-heading-title elementor-size-default\">Client\u00e8le<\/h2>\t\t\t\t<\/div>\n\t\t\t\t<\/div>\n\t\t\t\t<div class=\"elementor-element elementor-element-55f67b2 elementor-widget elementor-widget-text-editor\" data-id=\"55f67b2\" data-element_type=\"widget\" data-e-type=\"widget\" data-widget_type=\"text-editor.default\">\n\t\t\t\t<div class=\"elementor-widget-container\">\n\t\t\t\t\t\t\t\t\t<p>Au cours d\u2019une carri\u00e8re longue et vari\u00e9e dans le sport automobile, le fondateur de JF Racing Events, J\u00e9r\u00f4me Fougeray, s\u2019est engag\u00e9 dans des projets avec une vari\u00e9t\u00e9 de clients couvrant une gamme de projets. De la planification autonome de l\u2019hospitalit\u00e9 aux 24 Heures du Mans ou de la Supercoppa SEAT Leon, \u00e0 la direction des projets de marketing, d\u2019\u00e9v\u00e9nements et de communication pour l\u2019\u00e9quipe priv\u00e9e Courage Competition sur les circuits de course \u00e0 travers l\u2019Europe, J\u00e9r\u00f4me apporte le b\u00e9n\u00e9fice de sa longue exp\u00e9rience \u00e0 chaque projet.<\/p>\t\t\t\t\t\t\t\t<\/div>\n\t\t\t\t<\/div>\n\t\t\t\t\t<\/div>\n\t\t\t\t<\/div>\n\t\t\t\t<\/div>","protected":false},"excerpt":{"rendered":"<p>Activit\u00e9s Partenaires Pour offrir un service 360\u00b0 de premier ordre \u00e0 ses clients, JF Racing Events b\u00e9n\u00e9ficie d\u2019un r\u00e9seau de partenaires de confiance, disponibles pour des projets de grande ou petite taille selon les besoins. Outre ce r\u00e9seau de partenaires, de nombreux aspects des projets actuels de JF Racing Events impliquent l\u2019int\u00e9gration de nouveaux fournisseurs&hellip;&nbsp;<\/p>","protected":false},"author":1,"featured_media":0,"parent":0,"menu_order":0,"comment_status":"closed","ping_status":"closed","template":"elementor_header_footer","meta":{"neve_meta_sidebar":"","neve_meta_container":"","neve_meta_enable_content_width":"","neve_meta_content_width":0,"neve_meta_title_alignment":"","neve_meta_author_avatar":"","neve_post_elements_order":"","neve_meta_disable_header":"","neve_meta_disable_footer":"","neve_meta_disable_title":"","footnotes":""},"class_list":["post-168","page","type-page","status-publish","hentry"],"yoast_head":"<!-- This site is optimized with the Yoast SEO plugin v27.4 - https:\/\/yoast.com\/product\/yoast-seo-wordpress\/ -->\n<title>Partenaires - jfracingevents.com<\/title>\n<meta name=\"description\" content=\"Partenaires : JF Racing &amp; Events travaille avec des groupes prestigieux tel que Toyota, sur des comp\u00e9titions automobile comme les 24 Heures du Mans ou le WEC.\" \/>\n<meta name=\"robots\" content=\"index, follow, max-snippet:-1, max-image-preview:large, max-video-preview:-1\" \/>\n<link rel=\"canonical\" href=\"https:\/\/jfracingevents.com\/fr\/partenaires\/\" \/>\n<meta property=\"og:locale\" content=\"fr_FR\" \/>\n<meta property=\"og:type\" content=\"article\" \/>\n<meta property=\"og:title\" content=\"Partenaires - jfracingevents.com\" \/>\n<meta property=\"og:description\" content=\"Partenaires : JF Racing &amp; Events travaille avec des groupes prestigieux tel que Toyota, sur des comp\u00e9titions automobile comme les 24 Heures du Mans ou le WEC.\" \/>\n<meta property=\"og:url\" content=\"https:\/\/jfracingevents.com\/fr\/partenaires\/\" \/>\n<meta property=\"og:site_name\" content=\"jfracingevents.com\" \/>\n<meta property=\"article:modified_time\" content=\"2024-12-19T09:18:45+00:00\" \/>\n<meta property=\"og:image\" content=\"https:\/\/jfracingevents.com\/wp-content\/uploads\/2024\/12\/Logo-Toyota-Gazoo-Racing.jpg\" \/>\n\t<meta property=\"og:image:width\" content=\"474\" \/>\n\t<meta property=\"og:image:height\" content=\"146\" \/>\n\t<meta property=\"og:image:type\" content=\"image\/jpeg\" \/>\n<meta name=\"twitter:card\" content=\"summary_large_image\" \/>\n<meta name=\"twitter:label1\" content=\"Dur\u00e9e de lecture estim\u00e9e\" \/>\n\t<meta name=\"twitter:data1\" content=\"2 minutes\" \/>\n<script type=\"application\/ld+json\" class=\"yoast-schema-graph\">{\"@context\":\"https:\\\/\\\/schema.org\",\"@graph\":[{\"@type\":\"WebPage\",\"@id\":\"https:\\\/\\\/jfracingevents.com\\\/partenaires\\\/\",\"url\":\"https:\\\/\\\/jfracingevents.com\\\/partenaires\\\/\",\"name\":\"Partenaires - jfracingevents.com\",\"isPartOf\":{\"@id\":\"https:\\\/\\\/jfracingevents.com\\\/#website\"},\"primaryImageOfPage\":{\"@id\":\"https:\\\/\\\/jfracingevents.com\\\/partenaires\\\/#primaryimage\"},\"image\":{\"@id\":\"https:\\\/\\\/jfracingevents.com\\\/partenaires\\\/#primaryimage\"},\"thumbnailUrl\":\"https:\\\/\\\/jfracingevents.com\\\/wp-content\\\/uploads\\\/2024\\\/12\\\/Logo-Toyota-Gazoo-Racing.jpg\",\"datePublished\":\"2024-12-19T09:11:24+00:00\",\"dateModified\":\"2024-12-19T09:18:45+00:00\",\"description\":\"Partenaires : JF Racing & Events travaille avec des groupes prestigieux tel que Toyota, sur des comp\u00e9titions automobile comme les 24 Heures du Mans ou le WEC.\",\"breadcrumb\":{\"@id\":\"https:\\\/\\\/jfracingevents.com\\\/partenaires\\\/#breadcrumb\"},\"inLanguage\":\"fr-FR\",\"potentialAction\":[{\"@type\":\"ReadAction\",\"target\":[\"https:\\\/\\\/jfracingevents.com\\\/partenaires\\\/\"]}]},{\"@type\":\"ImageObject\",\"inLanguage\":\"fr-FR\",\"@id\":\"https:\\\/\\\/jfracingevents.com\\\/partenaires\\\/#primaryimage\",\"url\":\"https:\\\/\\\/jfracingevents.com\\\/wp-content\\\/uploads\\\/2024\\\/12\\\/Logo-Toyota-Gazoo-Racing.jpg\",\"contentUrl\":\"https:\\\/\\\/jfracingevents.com\\\/wp-content\\\/uploads\\\/2024\\\/12\\\/Logo-Toyota-Gazoo-Racing.jpg\"},{\"@type\":\"BreadcrumbList\",\"@id\":\"https:\\\/\\\/jfracingevents.com\\\/partenaires\\\/#breadcrumb\",\"itemListElement\":[{\"@type\":\"ListItem\",\"position\":1,\"name\":\"Accueil\",\"item\":\"https:\\\/\\\/jfracingevents.com\\\/\"},{\"@type\":\"ListItem\",\"position\":2,\"name\":\"Partenaires\"}]},{\"@type\":\"WebSite\",\"@id\":\"https:\\\/\\\/jfracingevents.com\\\/#website\",\"url\":\"https:\\\/\\\/jfracingevents.com\\\/\",\"name\":\"jfracingevents.com\",\"description\":\"sports consulting\",\"publisher\":{\"@id\":\"https:\\\/\\\/jfracingevents.com\\\/#organization\"},\"potentialAction\":[{\"@type\":\"SearchAction\",\"target\":{\"@type\":\"EntryPoint\",\"urlTemplate\":\"https:\\\/\\\/jfracingevents.com\\\/?s={search_term_string}\"},\"query-input\":{\"@type\":\"PropertyValueSpecification\",\"valueRequired\":true,\"valueName\":\"search_term_string\"}}],\"inLanguage\":\"fr-FR\"},{\"@type\":\"Organization\",\"@id\":\"https:\\\/\\\/jfracingevents.com\\\/#organization\",\"name\":\"jfracingevents.com\",\"url\":\"https:\\\/\\\/jfracingevents.com\\\/\",\"logo\":{\"@type\":\"ImageObject\",\"inLanguage\":\"fr-FR\",\"@id\":\"https:\\\/\\\/jfracingevents.com\\\/#\\\/schema\\\/logo\\\/image\\\/\",\"url\":\"https:\\\/\\\/jfracingevents.com\\\/wp-content\\\/uploads\\\/2024\\\/09\\\/Logo-JF-Racing-Events-Moy-Def-CMJN-Sans-fond.png\",\"contentUrl\":\"https:\\\/\\\/jfracingevents.com\\\/wp-content\\\/uploads\\\/2024\\\/09\\\/Logo-JF-Racing-Events-Moy-Def-CMJN-Sans-fond.png\",\"width\":1772,\"height\":922,\"caption\":\"jfracingevents.com\"},\"image\":{\"@id\":\"https:\\\/\\\/jfracingevents.com\\\/#\\\/schema\\\/logo\\\/image\\\/\"}}]}<\/script>\n<!-- \/ Yoast SEO plugin. -->","yoast_head_json":{"title":"Partenaires - jfracingevents.com","description":"Partenaires : JF Racing & Events travaille avec des groupes prestigieux tel que Toyota, sur des comp\u00e9titions automobile comme les 24 Heures du Mans ou le WEC.","robots":{"index":"index","follow":"follow","max-snippet":"max-snippet:-1","max-image-preview":"max-image-preview:large","max-video-preview":"max-video-preview:-1"},"canonical":"https:\/\/jfracingevents.com\/fr\/partenaires\/","og_locale":"fr_FR","og_type":"article","og_title":"Partenaires - jfracingevents.com","og_description":"Partenaires : JF Racing & Events travaille avec des groupes prestigieux tel que Toyota, sur des comp\u00e9titions automobile comme les 24 Heures du Mans ou le WEC.","og_url":"https:\/\/jfracingevents.com\/fr\/partenaires\/","og_site_name":"jfracingevents.com","article_modified_time":"2024-12-19T09:18:45+00:00","og_image":[{"width":474,"height":146,"url":"https:\/\/jfracingevents.com\/wp-content\/uploads\/2024\/12\/Logo-Toyota-Gazoo-Racing.jpg","type":"image\/jpeg"}],"twitter_card":"summary_large_image","twitter_misc":{"Dur\u00e9e de lecture estim\u00e9e":"2 minutes"},"schema":{"@context":"https:\/\/schema.org","@graph":[{"@type":"WebPage","@id":"https:\/\/jfracingevents.com\/partenaires\/","url":"https:\/\/jfracingevents.com\/partenaires\/","name":"Partenaires - jfracingevents.com","isPartOf":{"@id":"https:\/\/jfracingevents.com\/#website"},"primaryImageOfPage":{"@id":"https:\/\/jfracingevents.com\/partenaires\/#primaryimage"},"image":{"@id":"https:\/\/jfracingevents.com\/partenaires\/#primaryimage"},"thumbnailUrl":"https:\/\/jfracingevents.com\/wp-content\/uploads\/2024\/12\/Logo-Toyota-Gazoo-Racing.jpg","datePublished":"2024-12-19T09:11:24+00:00","dateModified":"2024-12-19T09:18:45+00:00","description":"Partenaires : JF Racing & Events travaille avec des groupes prestigieux tel que Toyota, sur des comp\u00e9titions automobile comme les 24 Heures du Mans ou le WEC.","breadcrumb":{"@id":"https:\/\/jfracingevents.com\/partenaires\/#breadcrumb"},"inLanguage":"fr-FR","potentialAction":[{"@type":"ReadAction","target":["https:\/\/jfracingevents.com\/partenaires\/"]}]},{"@type":"ImageObject","inLanguage":"fr-FR","@id":"https:\/\/jfracingevents.com\/partenaires\/#primaryimage","url":"https:\/\/jfracingevents.com\/wp-content\/uploads\/2024\/12\/Logo-Toyota-Gazoo-Racing.jpg","contentUrl":"https:\/\/jfracingevents.com\/wp-content\/uploads\/2024\/12\/Logo-Toyota-Gazoo-Racing.jpg"},{"@type":"BreadcrumbList","@id":"https:\/\/jfracingevents.com\/partenaires\/#breadcrumb","itemListElement":[{"@type":"ListItem","position":1,"name":"Accueil","item":"https:\/\/jfracingevents.com\/"},{"@type":"ListItem","position":2,"name":"Partenaires"}]},{"@type":"WebSite","@id":"https:\/\/jfracingevents.com\/#website","url":"https:\/\/jfracingevents.com\/","name":"jfracingevents.com","description":"sports consulting","publisher":{"@id":"https:\/\/jfracingevents.com\/#organization"},"potentialAction":[{"@type":"SearchAction","target":{"@type":"EntryPoint","urlTemplate":"https:\/\/jfracingevents.com\/?s={search_term_string}"},"query-input":{"@type":"PropertyValueSpecification","valueRequired":true,"valueName":"search_term_string"}}],"inLanguage":"fr-FR"},{"@type":"Organization","@id":"https:\/\/jfracingevents.com\/#organization","name":"jfracingevents.com","url":"https:\/\/jfracingevents.com\/","logo":{"@type":"ImageObject","inLanguage":"fr-FR","@id":"https:\/\/jfracingevents.com\/#\/schema\/logo\/image\/","url":"https:\/\/jfracingevents.com\/wp-content\/uploads\/2024\/09\/Logo-JF-Racing-Events-Moy-Def-CMJN-Sans-fond.png","contentUrl":"https:\/\/jfracingevents.com\/wp-content\/uploads\/2024\/09\/Logo-JF-Racing-Events-Moy-Def-CMJN-Sans-fond.png","width":1772,"height":922,"caption":"jfracingevents.com"},"image":{"@id":"https:\/\/jfracingevents.com\/#\/schema\/logo\/image\/"}}]}},"jetpack_sharing_enabled":true,"_links":{"self":[{"href":"https:\/\/jfracingevents.com\/fr\/wp-json\/wp\/v2\/pages\/168","targetHints":{"allow":["GET"]}}],"collection":[{"href":"https:\/\/jfracingevents.com\/fr\/wp-json\/wp\/v2\/pages"}],"about":[{"href":"https:\/\/jfracingevents.com\/fr\/wp-json\/wp\/v2\/types\/page"}],"author":[{"embeddable":true,"href":"https:\/\/jfracingevents.com\/fr\/wp-json\/wp\/v2\/users\/1"}],"replies":[{"embeddable":true,"href":"https:\/\/jfracingevents.com\/fr\/wp-json\/wp\/v2\/comments?post=168"}],"version-history":[{"count":10,"href":"https:\/\/jfracingevents.com\/fr\/wp-json\/wp\/v2\/pages\/168\/revisions"}],"predecessor-version":[{"id":179,"href":"https:\/\/jfracingevents.com\/fr\/wp-json\/wp\/v2\/pages\/168\/revisions\/179"}],"wp:attachment":[{"href":"https:\/\/jfracingevents.com\/fr\/wp-json\/wp\/v2\/media?parent=168"}],"curies":[{"name":"wp","href":"https:\/\/api.w.org\/{rel}","templated":true}]}}