{"id":299,"date":"2025-02-27T09:18:09","date_gmt":"2025-02-27T08:18:09","guid":{"rendered":"https:\/\/jfracingevents.com\/?page_id=299"},"modified":"2026-03-02T15:58:51","modified_gmt":"2026-03-02T14:58:51","slug":"jerome-fougeray","status":"publish","type":"page","link":"https:\/\/jfracingevents.com\/fr\/jerome-fougeray\/","title":{"rendered":"J\u00e9r\u00f4me Fougeray"},"content":{"rendered":"<div data-elementor-type=\"wp-page\" data-elementor-id=\"299\" class=\"elementor elementor-299\" data-elementor-post-type=\"page\">\n\t\t\t\t<div class=\"elementor-element elementor-element-e7807de e-con-full e-flex e-con e-parent\" data-id=\"e7807de\" data-element_type=\"container\" data-e-type=\"container\">\n\t\t\t\t<div class=\"elementor-element elementor-element-2c36f38 elementor-widget-divider--view-line elementor-widget elementor-widget-divider\" data-id=\"2c36f38\" data-element_type=\"widget\" data-e-type=\"widget\" data-widget_type=\"divider.default\">\n\t\t\t\t<div class=\"elementor-widget-container\">\n\t\t\t\t\t\t\t<div class=\"elementor-divider\">\n\t\t\t<span class=\"elementor-divider-separator\">\n\t\t\t\t\t\t<\/span>\n\t\t<\/div>\n\t\t\t\t\t\t<\/div>\n\t\t\t\t<\/div>\n\t\t\t\t<\/div>\n\t\t<div class=\"elementor-element elementor-element-9ac6595 e-flex e-con-boxed e-con e-parent\" data-id=\"9ac6595\" data-element_type=\"container\" data-e-type=\"container\">\n\t\t\t\t\t<div class=\"e-con-inner\">\n\t\t\t\t<div class=\"elementor-element elementor-element-aae9893 elementor-widget elementor-widget-heading\" data-id=\"aae9893\" data-element_type=\"widget\" data-e-type=\"widget\" data-widget_type=\"heading.default\">\n\t\t\t\t<div class=\"elementor-widget-container\">\n\t\t\t\t\t<h1 class=\"elementor-heading-title elementor-size-default\">\u00c0 propos de J\u00e9r\u00f4me Fougeray<\/h1>\t\t\t\t<\/div>\n\t\t\t\t<\/div>\n\t\t\t\t<div class=\"elementor-element elementor-element-09d5128 elementor-widget__width-inherit elementor-widget elementor-widget-image\" data-id=\"09d5128\" data-element_type=\"widget\" data-e-type=\"widget\" data-widget_type=\"image.default\">\n\t\t\t\t<div class=\"elementor-widget-container\">\n\t\t\t\t\t\t\t\t\t\t\t\t\t\t\t<img fetchpriority=\"high\" decoding=\"async\" width=\"960\" height=\"752\" src=\"https:\/\/jfracingevents.com\/wp-content\/uploads\/2026\/01\/Working-without-these-two-guys-would-not-have-the-same-taste-frenchmafia.jpg\" class=\"attachment-large size-large wp-image-423\" alt=\"\" srcset=\"https:\/\/jfracingevents.com\/wp-content\/uploads\/2026\/01\/Working-without-these-two-guys-would-not-have-the-same-taste-frenchmafia.jpg 960w, https:\/\/jfracingevents.com\/wp-content\/uploads\/2026\/01\/Working-without-these-two-guys-would-not-have-the-same-taste-frenchmafia-300x235.jpg 300w, https:\/\/jfracingevents.com\/wp-content\/uploads\/2026\/01\/Working-without-these-two-guys-would-not-have-the-same-taste-frenchmafia-768x602.jpg 768w, https:\/\/jfracingevents.com\/wp-content\/uploads\/2026\/01\/Working-without-these-two-guys-would-not-have-the-same-taste-frenchmafia-15x12.jpg 15w\" sizes=\"(max-width: 960px) 100vw, 960px\" \/>\t\t\t\t\t\t\t\t\t\t\t\t\t\t\t<\/div>\n\t\t\t\t<\/div>\n\t\t\t\t<div class=\"elementor-element elementor-element-ced07e6 elementor-widget elementor-widget-text-editor\" data-id=\"ced07e6\" data-element_type=\"widget\" data-e-type=\"widget\" data-widget_type=\"text-editor.default\">\n\t\t\t\t<div class=\"elementor-widget-container\">\n\t\t\t\t\t\t\t\t\t<p>JF Racing Events a \u00e9t\u00e9 fond\u00e9e par J\u00e9r\u00f4me Fougeray, originaire du Mans, dont la passion pour les courses d\u2019endurance s\u2019est d\u00e9velopp\u00e9e d\u00e8s le plus jeune \u00e2ge. N\u00e9 au c\u0153ur de la culture du sport automobile, il a construit un parcours guid\u00e9 par la performance, la pr\u00e9cision et la collaboration sur le long terme dans des environnements de comp\u00e9tition internationaux.<\/p><p>Au fil de sa carri\u00e8re professionnelle, J\u00e9r\u00f4me a collabor\u00e9 avec des structures majeures du sport automobile telles que <strong>Courage, Oreca et TOYOTA GAZOO Racing<\/strong>. Ces exp\u00e9riences lui ont permis de d\u00e9velopper une expertise op\u00e9rationnelle solide, un r\u00e9seau professionnel \u00e9tendu et une compr\u00e9hension approfondie des exigences du sport automobile de haut niveau, tout en partageant sa passion avec un r\u00e9seau international de partenaires et de collaborateurs.<\/p>\t\t\t\t\t\t\t\t<\/div>\n\t\t\t\t<\/div>\n\t\t\t\t<div class=\"elementor-element elementor-element-4040cf7 elementor-widget elementor-widget-text-editor\" data-id=\"4040cf7\" data-element_type=\"widget\" data-e-type=\"widget\" data-widget_type=\"text-editor.default\">\n\t\t\t\t<div class=\"elementor-widget-container\">\n\t\t\t\t\t\t\t\t\t<p data-start=\"1463\" data-end=\"1857\">Une collaboration de longue date avec TOYOTA GAZOO Racing au sein du <b>Championnat du Monde d\u2019Endurance FIA (WEC)<\/b> a d\u00e9but\u00e9 en 2012 et se poursuit aujourd\u2019hui. D\u2019abord au sein de la structure Oreca, puis depuis 2023 \u00e0 travers JF Racing Events bas\u00e9e au Mans, J\u00e9r\u00f4me contribue de mani\u00e8re constante au programme TOYOTA GAZOO Racing, notamment lors des 24 Heures du Mans et des campagnes mondiales du championnat. <b>24 Heures du Mans<\/b> et <b>Championnat du monde<\/b> campagne<\/p><p data-start=\"1859\" data-end=\"2269\">En tant que <b>Marketing Coordinator ind\u00e9pendant<\/b> , en collaboration avec TOYOTA GAZOO Racing, J\u00e9r\u00f4me intervient sur la gestion et la livraison des services d\u2019hospitalit\u00e9 dans le respect des d\u00e9lais et des budgets, y compris lors des 24 Heures du Mans, la gestion logistique des pilotes et des cadres dirigeants, la coordination du branding sur site et de la billetterie, ainsi que le support op\u00e9rationnel direct aupr\u00e8s du management des \u00e9quipes afin d\u2019assurer le bon d\u00e9roulement des op\u00e9rations de course.<\/p>\t\t\t\t\t\t\t\t<\/div>\n\t\t\t\t<\/div>\n\t\t<div class=\"elementor-element elementor-element-4c34e44 e-con-full e-flex e-con e-child\" data-id=\"4c34e44\" data-element_type=\"container\" data-e-type=\"container\">\n\t\t<div class=\"elementor-element elementor-element-de67e4c e-con-full e-flex e-con e-child\" data-id=\"de67e4c\" data-element_type=\"container\" data-e-type=\"container\">\n\t\t\t\t<div class=\"elementor-element elementor-element-b372e9c elementor-widget elementor-widget-image\" data-id=\"b372e9c\" data-element_type=\"widget\" data-e-type=\"widget\" data-widget_type=\"image.default\">\n\t\t\t\t<div class=\"elementor-widget-container\">\n\t\t\t\t\t\t\t\t\t\t\t\t\t\t\t<img decoding=\"async\" width=\"1024\" height=\"1024\" src=\"https:\/\/jfracingevents.com\/wp-content\/uploads\/2026\/01\/Good-time-this-morning-with-TGR-WEC-TGR-WRT-TGR-Rally-Raid-and-Toyota-Olympics-and-Paralympics-department-members-who-discovered-or-re-discovered-24h-museum-and-track-tgrfamily-1-1024x1024.jpg\" class=\"attachment-large size-large wp-image-416\" alt=\"\" srcset=\"https:\/\/jfracingevents.com\/wp-content\/uploads\/2026\/01\/Good-time-this-morning-with-TGR-WEC-TGR-WRT-TGR-Rally-Raid-and-Toyota-Olympics-and-Paralympics-department-members-who-discovered-or-re-discovered-24h-museum-and-track-tgrfamily-1-1024x1024.jpg 1024w, https:\/\/jfracingevents.com\/wp-content\/uploads\/2026\/01\/Good-time-this-morning-with-TGR-WEC-TGR-WRT-TGR-Rally-Raid-and-Toyota-Olympics-and-Paralympics-department-members-who-discovered-or-re-discovered-24h-museum-and-track-tgrfamily-1-300x300.jpg 300w, https:\/\/jfracingevents.com\/wp-content\/uploads\/2026\/01\/Good-time-this-morning-with-TGR-WEC-TGR-WRT-TGR-Rally-Raid-and-Toyota-Olympics-and-Paralympics-department-members-who-discovered-or-re-discovered-24h-museum-and-track-tgrfamily-1-150x150.jpg 150w, https:\/\/jfracingevents.com\/wp-content\/uploads\/2026\/01\/Good-time-this-morning-with-TGR-WEC-TGR-WRT-TGR-Rally-Raid-and-Toyota-Olympics-and-Paralympics-department-members-who-discovered-or-re-discovered-24h-museum-and-track-tgrfamily-1-768x768.jpg 768w, https:\/\/jfracingevents.com\/wp-content\/uploads\/2026\/01\/Good-time-this-morning-with-TGR-WEC-TGR-WRT-TGR-Rally-Raid-and-Toyota-Olympics-and-Paralympics-department-members-who-discovered-or-re-discovered-24h-museum-and-track-tgrfamily-1-12x12.jpg 12w, https:\/\/jfracingevents.com\/wp-content\/uploads\/2026\/01\/Good-time-this-morning-with-TGR-WEC-TGR-WRT-TGR-Rally-Raid-and-Toyota-Olympics-and-Paralympics-department-members-who-discovered-or-re-discovered-24h-museum-and-track-tgrfamily-1.jpg 1080w\" sizes=\"(max-width: 1024px) 100vw, 1024px\" \/>\t\t\t\t\t\t\t\t\t\t\t\t\t\t\t<\/div>\n\t\t\t\t<\/div>\n\t\t\t\t<\/div>\n\t\t<div class=\"elementor-element elementor-element-cc862a1 e-con-full e-flex e-con e-child\" data-id=\"cc862a1\" data-element_type=\"container\" data-e-type=\"container\">\n\t\t\t\t<div class=\"elementor-element elementor-element-a493ac3 elementor-widget elementor-widget-image\" data-id=\"a493ac3\" data-element_type=\"widget\" data-e-type=\"widget\" data-widget_type=\"image.default\">\n\t\t\t\t<div class=\"elementor-widget-container\">\n\t\t\t\t\t\t\t\t\t\t\t\t\t\t\t<img decoding=\"async\" width=\"1024\" height=\"898\" src=\"https:\/\/jfracingevents.com\/wp-content\/uploads\/2026\/01\/458197250_712333077750340_437004946320991625_n.jpg\" class=\"attachment-large size-large wp-image-415\" alt=\"\" srcset=\"https:\/\/jfracingevents.com\/wp-content\/uploads\/2026\/01\/458197250_712333077750340_437004946320991625_n.jpg 1024w, https:\/\/jfracingevents.com\/wp-content\/uploads\/2026\/01\/458197250_712333077750340_437004946320991625_n-300x263.jpg 300w, https:\/\/jfracingevents.com\/wp-content\/uploads\/2026\/01\/458197250_712333077750340_437004946320991625_n-768x674.jpg 768w, https:\/\/jfracingevents.com\/wp-content\/uploads\/2026\/01\/458197250_712333077750340_437004946320991625_n-14x12.jpg 14w\" sizes=\"(max-width: 1024px) 100vw, 1024px\" \/>\t\t\t\t\t\t\t\t\t\t\t\t\t\t\t<\/div>\n\t\t\t\t<\/div>\n\t\t\t\t<\/div>\n\t\t\t\t<div class=\"elementor-element elementor-element-77ef849 elementor-widget elementor-widget-text-editor\" data-id=\"77ef849\" data-element_type=\"widget\" data-e-type=\"widget\" data-widget_type=\"text-editor.default\">\n\t\t\t\t<div class=\"elementor-widget-container\">\n\t\t\t\t\t\t\t\t\t<p data-start=\"2271\" data-end=\"2538\">Aujourd\u2019hui, en tant que fondateur de JF Racing Events, J\u00e9r\u00f4me Fougeray accompagne <b>\u00e9quipes, constructeurs, sponsors et organisateurs d\u2019\u00e9v\u00e9nements<\/b> \u00e0 travers des missions de consulting, de management et de coordination strat\u00e9gique de projets en sport automobile, avec une approche fond\u00e9e sur l\u2019exp\u00e9rience, l\u2019engagement et l\u2019attention port\u00e9e aux d\u00e9tails.<\/p>\n<p data-start=\"2540\" data-end=\"2742\">Sa compr\u00e9hension approfondie du sport automobile, associ\u00e9e \u00e0 une forte \u00e9thique de travail et \u00e0 une approche terrain, garantit qu\u2019aucun d\u00e9tail n\u2019est laiss\u00e9 au hasard dans la recherche de performance, de fiabilit\u00e9 et de succ\u00e8s durable.<\/p>\t\t\t\t\t\t\t\t<\/div>\n\t\t\t\t<\/div>\n\t\t\t\t<div class=\"elementor-element elementor-element-188cdb8 elementor-widget__width-inherit elementor-widget elementor-widget-image\" data-id=\"188cdb8\" data-element_type=\"widget\" data-e-type=\"widget\" data-widget_type=\"image.default\">\n\t\t\t\t<div class=\"elementor-widget-container\">\n\t\t\t\t\t\t\t\t\t\t\t\t\t\t\t<img loading=\"lazy\" decoding=\"async\" width=\"1024\" height=\"576\" src=\"https:\/\/jfracingevents.com\/wp-content\/uploads\/2026\/01\/This-year-I-had-the-best-catering-team-ever-Thank-you-for-everything-and-especialy-your-kindness-and-your-hard-work.-Our-podium-is-also-yours-@eila.de_-1024x576.jpg\" class=\"attachment-large size-large wp-image-422\" alt=\"\" srcset=\"https:\/\/jfracingevents.com\/wp-content\/uploads\/2026\/01\/This-year-I-had-the-best-catering-team-ever-Thank-you-for-everything-and-especialy-your-kindness-and-your-hard-work.-Our-podium-is-also-yours-@eila.de_-1024x576.jpg 1024w, https:\/\/jfracingevents.com\/wp-content\/uploads\/2026\/01\/This-year-I-had-the-best-catering-team-ever-Thank-you-for-everything-and-especialy-your-kindness-and-your-hard-work.-Our-podium-is-also-yours-@eila.de_-300x169.jpg 300w, https:\/\/jfracingevents.com\/wp-content\/uploads\/2026\/01\/This-year-I-had-the-best-catering-team-ever-Thank-you-for-everything-and-especialy-your-kindness-and-your-hard-work.-Our-podium-is-also-yours-@eila.de_-768x432.jpg 768w, https:\/\/jfracingevents.com\/wp-content\/uploads\/2026\/01\/This-year-I-had-the-best-catering-team-ever-Thank-you-for-everything-and-especialy-your-kindness-and-your-hard-work.-Our-podium-is-also-yours-@eila.de_-18x10.jpg 18w, https:\/\/jfracingevents.com\/wp-content\/uploads\/2026\/01\/This-year-I-had-the-best-catering-team-ever-Thank-you-for-everything-and-especialy-your-kindness-and-your-hard-work.-Our-podium-is-also-yours-@eila.de_.jpg 1080w\" sizes=\"(max-width: 1024px) 100vw, 1024px\" \/>\t\t\t\t\t\t\t\t\t\t\t\t\t\t\t<\/div>\n\t\t\t\t<\/div>\n\t\t\t\t<\/div>\n\t\t\t\t\t<\/div>\n\t\t\t\t<\/div>\n\t\t\t\t<\/div>","protected":false},"excerpt":{"rendered":"<p>About J\u00e9r\u00f4me Fougeray JF Racing Events was founded by J\u00e9r\u00f4me Fougeray, a Le Mans native whose passion for endurance racing began at an early age. Born into the heart of motorsport culture, he has built a career driven by performance, precision and long-term collaboration within international racing environments. Over the course of his professional journey,&hellip;&nbsp;<\/p>","protected":false},"author":1,"featured_media":0,"parent":0,"menu_order":0,"comment_status":"closed","ping_status":"closed","template":"elementor_header_footer","meta":{"neve_meta_sidebar":"","neve_meta_container":"","neve_meta_enable_content_width":"","neve_meta_content_width":0,"neve_meta_title_alignment":"","neve_meta_author_avatar":"","neve_post_elements_order":"","neve_meta_disable_header":"","neve_meta_disable_footer":"","neve_meta_disable_title":"","footnotes":""},"class_list":["post-299","page","type-page","status-publish","hentry"],"yoast_head":"<!-- This site is optimized with the Yoast SEO plugin v27.3 - https:\/\/yoast.com\/product\/yoast-seo-wordpress\/ -->\n<title>J\u00e9r\u00f4me Fougeray | Motorsport Consultant &amp; Founder of JF Racing Events<\/title>\n<meta name=\"description\" content=\"Founder of JF Racing Events, J\u00e9r\u00f4me Fougeray is a motorsport consultant with over 25 years of experience, supporting teams and manufacturers in FIA WEC and the 24 Hours of Le Mans.\" \/>\n<meta name=\"robots\" content=\"index, follow, max-snippet:-1, max-image-preview:large, max-video-preview:-1\" \/>\n<link rel=\"canonical\" href=\"https:\/\/jfracingevents.com\/fr\/jerome-fougeray\/\" \/>\n<meta property=\"og:locale\" content=\"fr_FR\" \/>\n<meta property=\"og:type\" content=\"article\" \/>\n<meta property=\"og:title\" content=\"J\u00e9r\u00f4me Fougeray | Motorsport Consultant &amp; Founder of JF Racing Events\" \/>\n<meta property=\"og:description\" content=\"Founder of JF Racing Events, J\u00e9r\u00f4me Fougeray is a motorsport consultant with over 25 years of experience, supporting teams and manufacturers in FIA WEC and the 24 Hours of Le Mans.\" \/>\n<meta property=\"og:url\" content=\"https:\/\/jfracingevents.com\/fr\/jerome-fougeray\/\" \/>\n<meta property=\"og:site_name\" content=\"jfracingevents.com\" \/>\n<meta property=\"article:modified_time\" content=\"2026-03-02T14:58:51+00:00\" \/>\n<meta property=\"og:image\" content=\"https:\/\/jfracingevents.com\/wp-content\/uploads\/2026\/01\/Working-without-these-two-guys-would-not-have-the-same-taste-frenchmafia.jpg\" \/>\n\t<meta property=\"og:image:width\" content=\"960\" \/>\n\t<meta property=\"og:image:height\" content=\"752\" \/>\n\t<meta property=\"og:image:type\" content=\"image\/jpeg\" \/>\n<meta name=\"twitter:card\" content=\"summary_large_image\" \/>\n<meta name=\"twitter:label1\" content=\"Dur\u00e9e de lecture estim\u00e9e\" \/>\n\t<meta name=\"twitter:data1\" content=\"3 minutes\" \/>\n<script type=\"application\/ld+json\" class=\"yoast-schema-graph\">{\"@context\":\"https:\\\/\\\/schema.org\",\"@graph\":[{\"@type\":\"WebPage\",\"@id\":\"https:\\\/\\\/jfracingevents.com\\\/jerome-fougeray\\\/\",\"url\":\"https:\\\/\\\/jfracingevents.com\\\/jerome-fougeray\\\/\",\"name\":\"J\u00e9r\u00f4me Fougeray | Motorsport Consultant & Founder of JF Racing Events\",\"isPartOf\":{\"@id\":\"https:\\\/\\\/jfracingevents.com\\\/#website\"},\"primaryImageOfPage\":{\"@id\":\"https:\\\/\\\/jfracingevents.com\\\/jerome-fougeray\\\/#primaryimage\"},\"image\":{\"@id\":\"https:\\\/\\\/jfracingevents.com\\\/jerome-fougeray\\\/#primaryimage\"},\"thumbnailUrl\":\"https:\\\/\\\/jfracingevents.com\\\/wp-content\\\/uploads\\\/2026\\\/01\\\/Working-without-these-two-guys-would-not-have-the-same-taste-frenchmafia.jpg\",\"datePublished\":\"2025-02-27T08:18:09+00:00\",\"dateModified\":\"2026-03-02T14:58:51+00:00\",\"description\":\"Founder of JF Racing Events, J\u00e9r\u00f4me Fougeray is a motorsport consultant with over 25 years of experience, supporting teams and manufacturers in FIA WEC and the 24 Hours of Le Mans.\",\"breadcrumb\":{\"@id\":\"https:\\\/\\\/jfracingevents.com\\\/jerome-fougeray\\\/#breadcrumb\"},\"inLanguage\":\"fr-FR\",\"potentialAction\":[{\"@type\":\"ReadAction\",\"target\":[\"https:\\\/\\\/jfracingevents.com\\\/jerome-fougeray\\\/\"]}]},{\"@type\":\"ImageObject\",\"inLanguage\":\"fr-FR\",\"@id\":\"https:\\\/\\\/jfracingevents.com\\\/jerome-fougeray\\\/#primaryimage\",\"url\":\"https:\\\/\\\/jfracingevents.com\\\/wp-content\\\/uploads\\\/2026\\\/01\\\/Working-without-these-two-guys-would-not-have-the-same-taste-frenchmafia.jpg\",\"contentUrl\":\"https:\\\/\\\/jfracingevents.com\\\/wp-content\\\/uploads\\\/2026\\\/01\\\/Working-without-these-two-guys-would-not-have-the-same-taste-frenchmafia.jpg\"},{\"@type\":\"BreadcrumbList\",\"@id\":\"https:\\\/\\\/jfracingevents.com\\\/jerome-fougeray\\\/#breadcrumb\",\"itemListElement\":[{\"@type\":\"ListItem\",\"position\":1,\"name\":\"Accueil\",\"item\":\"https:\\\/\\\/jfracingevents.com\\\/\"},{\"@type\":\"ListItem\",\"position\":2,\"name\":\"J\u00e9r\u00f4me Fougeray\"}]},{\"@type\":\"WebSite\",\"@id\":\"https:\\\/\\\/jfracingevents.com\\\/#website\",\"url\":\"https:\\\/\\\/jfracingevents.com\\\/\",\"name\":\"jfracingevents.com\",\"description\":\"sports consulting\",\"publisher\":{\"@id\":\"https:\\\/\\\/jfracingevents.com\\\/#organization\"},\"potentialAction\":[{\"@type\":\"SearchAction\",\"target\":{\"@type\":\"EntryPoint\",\"urlTemplate\":\"https:\\\/\\\/jfracingevents.com\\\/?s={search_term_string}\"},\"query-input\":{\"@type\":\"PropertyValueSpecification\",\"valueRequired\":true,\"valueName\":\"search_term_string\"}}],\"inLanguage\":\"fr-FR\"},{\"@type\":\"Organization\",\"@id\":\"https:\\\/\\\/jfracingevents.com\\\/#organization\",\"name\":\"jfracingevents.com\",\"url\":\"https:\\\/\\\/jfracingevents.com\\\/\",\"logo\":{\"@type\":\"ImageObject\",\"inLanguage\":\"fr-FR\",\"@id\":\"https:\\\/\\\/jfracingevents.com\\\/#\\\/schema\\\/logo\\\/image\\\/\",\"url\":\"https:\\\/\\\/jfracingevents.com\\\/wp-content\\\/uploads\\\/2024\\\/09\\\/Logo-JF-Racing-Events-Moy-Def-CMJN-Sans-fond.png\",\"contentUrl\":\"https:\\\/\\\/jfracingevents.com\\\/wp-content\\\/uploads\\\/2024\\\/09\\\/Logo-JF-Racing-Events-Moy-Def-CMJN-Sans-fond.png\",\"width\":1772,\"height\":922,\"caption\":\"jfracingevents.com\"},\"image\":{\"@id\":\"https:\\\/\\\/jfracingevents.com\\\/#\\\/schema\\\/logo\\\/image\\\/\"}}]}<\/script>\n<!-- \/ Yoast SEO plugin. -->","yoast_head_json":{"title":"J\u00e9r\u00f4me Fougeray | Motorsport Consultant & Founder of JF Racing Events","description":"Founder of JF Racing Events, J\u00e9r\u00f4me Fougeray is a motorsport consultant with over 25 years of experience, supporting teams and manufacturers in FIA WEC and the 24 Hours of Le Mans.","robots":{"index":"index","follow":"follow","max-snippet":"max-snippet:-1","max-image-preview":"max-image-preview:large","max-video-preview":"max-video-preview:-1"},"canonical":"https:\/\/jfracingevents.com\/fr\/jerome-fougeray\/","og_locale":"fr_FR","og_type":"article","og_title":"J\u00e9r\u00f4me Fougeray | Motorsport Consultant & Founder of JF Racing Events","og_description":"Founder of JF Racing Events, J\u00e9r\u00f4me Fougeray is a motorsport consultant with over 25 years of experience, supporting teams and manufacturers in FIA WEC and the 24 Hours of Le Mans.","og_url":"https:\/\/jfracingevents.com\/fr\/jerome-fougeray\/","og_site_name":"jfracingevents.com","article_modified_time":"2026-03-02T14:58:51+00:00","og_image":[{"width":960,"height":752,"url":"https:\/\/jfracingevents.com\/wp-content\/uploads\/2026\/01\/Working-without-these-two-guys-would-not-have-the-same-taste-frenchmafia.jpg","type":"image\/jpeg"}],"twitter_card":"summary_large_image","twitter_misc":{"Dur\u00e9e de lecture estim\u00e9e":"3 minutes"},"schema":{"@context":"https:\/\/schema.org","@graph":[{"@type":"WebPage","@id":"https:\/\/jfracingevents.com\/jerome-fougeray\/","url":"https:\/\/jfracingevents.com\/jerome-fougeray\/","name":"J\u00e9r\u00f4me Fougeray | Motorsport Consultant & Founder of JF Racing Events","isPartOf":{"@id":"https:\/\/jfracingevents.com\/#website"},"primaryImageOfPage":{"@id":"https:\/\/jfracingevents.com\/jerome-fougeray\/#primaryimage"},"image":{"@id":"https:\/\/jfracingevents.com\/jerome-fougeray\/#primaryimage"},"thumbnailUrl":"https:\/\/jfracingevents.com\/wp-content\/uploads\/2026\/01\/Working-without-these-two-guys-would-not-have-the-same-taste-frenchmafia.jpg","datePublished":"2025-02-27T08:18:09+00:00","dateModified":"2026-03-02T14:58:51+00:00","description":"Founder of JF Racing Events, J\u00e9r\u00f4me Fougeray is a motorsport consultant with over 25 years of experience, supporting teams and manufacturers in FIA WEC and the 24 Hours of Le Mans.","breadcrumb":{"@id":"https:\/\/jfracingevents.com\/jerome-fougeray\/#breadcrumb"},"inLanguage":"fr-FR","potentialAction":[{"@type":"ReadAction","target":["https:\/\/jfracingevents.com\/jerome-fougeray\/"]}]},{"@type":"ImageObject","inLanguage":"fr-FR","@id":"https:\/\/jfracingevents.com\/jerome-fougeray\/#primaryimage","url":"https:\/\/jfracingevents.com\/wp-content\/uploads\/2026\/01\/Working-without-these-two-guys-would-not-have-the-same-taste-frenchmafia.jpg","contentUrl":"https:\/\/jfracingevents.com\/wp-content\/uploads\/2026\/01\/Working-without-these-two-guys-would-not-have-the-same-taste-frenchmafia.jpg"},{"@type":"BreadcrumbList","@id":"https:\/\/jfracingevents.com\/jerome-fougeray\/#breadcrumb","itemListElement":[{"@type":"ListItem","position":1,"name":"Accueil","item":"https:\/\/jfracingevents.com\/"},{"@type":"ListItem","position":2,"name":"J\u00e9r\u00f4me Fougeray"}]},{"@type":"WebSite","@id":"https:\/\/jfracingevents.com\/#website","url":"https:\/\/jfracingevents.com\/","name":"jfracingevents.com","description":"sports consulting","publisher":{"@id":"https:\/\/jfracingevents.com\/#organization"},"potentialAction":[{"@type":"SearchAction","target":{"@type":"EntryPoint","urlTemplate":"https:\/\/jfracingevents.com\/?s={search_term_string}"},"query-input":{"@type":"PropertyValueSpecification","valueRequired":true,"valueName":"search_term_string"}}],"inLanguage":"fr-FR"},{"@type":"Organization","@id":"https:\/\/jfracingevents.com\/#organization","name":"jfracingevents.com","url":"https:\/\/jfracingevents.com\/","logo":{"@type":"ImageObject","inLanguage":"fr-FR","@id":"https:\/\/jfracingevents.com\/#\/schema\/logo\/image\/","url":"https:\/\/jfracingevents.com\/wp-content\/uploads\/2024\/09\/Logo-JF-Racing-Events-Moy-Def-CMJN-Sans-fond.png","contentUrl":"https:\/\/jfracingevents.com\/wp-content\/uploads\/2024\/09\/Logo-JF-Racing-Events-Moy-Def-CMJN-Sans-fond.png","width":1772,"height":922,"caption":"jfracingevents.com"},"image":{"@id":"https:\/\/jfracingevents.com\/#\/schema\/logo\/image\/"}}]}},"jetpack_sharing_enabled":true,"_links":{"self":[{"href":"https:\/\/jfracingevents.com\/fr\/wp-json\/wp\/v2\/pages\/299","targetHints":{"allow":["GET"]}}],"collection":[{"href":"https:\/\/jfracingevents.com\/fr\/wp-json\/wp\/v2\/pages"}],"about":[{"href":"https:\/\/jfracingevents.com\/fr\/wp-json\/wp\/v2\/types\/page"}],"author":[{"embeddable":true,"href":"https:\/\/jfracingevents.com\/fr\/wp-json\/wp\/v2\/users\/1"}],"replies":[{"embeddable":true,"href":"https:\/\/jfracingevents.com\/fr\/wp-json\/wp\/v2\/comments?post=299"}],"version-history":[{"count":25,"href":"https:\/\/jfracingevents.com\/fr\/wp-json\/wp\/v2\/pages\/299\/revisions"}],"predecessor-version":[{"id":718,"href":"https:\/\/jfracingevents.com\/fr\/wp-json\/wp\/v2\/pages\/299\/revisions\/718"}],"wp:attachment":[{"href":"https:\/\/jfracingevents.com\/fr\/wp-json\/wp\/v2\/media?parent=299"}],"curies":[{"name":"wp","href":"https:\/\/api.w.org\/{rel}","templated":true}]}}