{"id":454,"date":"2026-01-16T10:13:55","date_gmt":"2026-01-16T09:13:55","guid":{"rendered":"https:\/\/jfracingevents.com\/?page_id=454"},"modified":"2026-04-20T13:03:04","modified_gmt":"2026-04-20T12:03:04","slug":"motorsport","status":"publish","type":"page","link":"https:\/\/jfracingevents.com\/fr\/motorsport\/","title":{"rendered":"Motorsport"},"content":{"rendered":"<div data-elementor-type=\"wp-page\" data-elementor-id=\"454\" class=\"elementor elementor-454\" data-elementor-post-type=\"page\">\n\t\t\t\t<div class=\"elementor-element elementor-element-70dee58 e-con-full e-flex e-con e-parent\" data-id=\"70dee58\" data-element_type=\"container\" data-e-type=\"container\">\n\t\t\t\t<div class=\"elementor-element elementor-element-abda4ba elementor-widget-divider--view-line elementor-widget elementor-widget-divider\" data-id=\"abda4ba\" data-element_type=\"widget\" data-e-type=\"widget\" data-widget_type=\"divider.default\">\n\t\t\t\t<div class=\"elementor-widget-container\">\n\t\t\t\t\t\t\t<div class=\"elementor-divider\">\n\t\t\t<span class=\"elementor-divider-separator\">\n\t\t\t\t\t\t<\/span>\n\t\t<\/div>\n\t\t\t\t\t\t<\/div>\n\t\t\t\t<\/div>\n\t\t\t\t<\/div>\n\t\t<div class=\"elementor-element elementor-element-54ffe3b e-flex e-con-boxed e-con e-parent\" data-id=\"54ffe3b\" data-element_type=\"container\" data-e-type=\"container\">\n\t\t\t\t\t<div class=\"e-con-inner\">\n\t\t\t\t<div class=\"elementor-element elementor-element-149d708 elementor-widget elementor-widget-heading\" data-id=\"149d708\" data-element_type=\"widget\" data-e-type=\"widget\" data-widget_type=\"heading.default\">\n\t\t\t\t<div class=\"elementor-widget-container\">\n\t\t\t\t\t<h1 class=\"elementor-heading-title elementor-size-default\">Services Motorsport &amp; Support d\u2019\u00c9v\u00e9nements de Course<\/h1>\t\t\t\t<\/div>\n\t\t\t\t<\/div>\n\t\t<div class=\"elementor-element elementor-element-4c90993 e-con-full e-flex e-con e-child\" data-id=\"4c90993\" data-element_type=\"container\" data-e-type=\"container\">\n\t\t\t\t<div class=\"elementor-element elementor-element-d7b1be4 elementor-widget__width-inherit elementor-widget elementor-widget-image\" data-id=\"d7b1be4\" data-element_type=\"widget\" data-e-type=\"widget\" data-widget_type=\"image.default\">\n\t\t\t\t<div class=\"elementor-widget-container\">\n\t\t\t\t\t\t\t\t\t\t\t\t\t\t\t<img fetchpriority=\"high\" decoding=\"async\" width=\"1024\" height=\"683\" src=\"https:\/\/jfracingevents.com\/wp-content\/uploads\/2026\/04\/toyota-gazoo-racing-team-imola-fia-wec-2026-1024x683.jpg\" class=\"attachment-large size-large wp-image-794\" alt=\"TOYOTA GAZOO Racing team group photo with Hypercars at Imola during FIA World Endurance Championship weekend\" srcset=\"https:\/\/jfracingevents.com\/wp-content\/uploads\/2026\/04\/toyota-gazoo-racing-team-imola-fia-wec-2026-1024x683.jpg 1024w, https:\/\/jfracingevents.com\/wp-content\/uploads\/2026\/04\/toyota-gazoo-racing-team-imola-fia-wec-2026-300x200.jpg 300w, https:\/\/jfracingevents.com\/wp-content\/uploads\/2026\/04\/toyota-gazoo-racing-team-imola-fia-wec-2026-768x512.jpg 768w, https:\/\/jfracingevents.com\/wp-content\/uploads\/2026\/04\/toyota-gazoo-racing-team-imola-fia-wec-2026-18x12.jpg 18w, https:\/\/jfracingevents.com\/wp-content\/uploads\/2026\/04\/toyota-gazoo-racing-team-imola-fia-wec-2026-930x620.jpg 930w, https:\/\/jfracingevents.com\/wp-content\/uploads\/2026\/04\/toyota-gazoo-racing-team-imola-fia-wec-2026.jpg 1440w\" sizes=\"(max-width: 1024px) 100vw, 1024px\" \/>\t\t\t\t\t\t\t\t\t\t\t\t\t\t\t<\/div>\n\t\t\t\t<\/div>\n\t\t\t\t<\/div>\n\t\t\t\t<div class=\"elementor-element elementor-element-1471f3a elementor-widget elementor-widget-text-editor\" data-id=\"1471f3a\" data-element_type=\"widget\" data-e-type=\"widget\" data-widget_type=\"text-editor.default\">\n\t\t\t\t<div class=\"elementor-widget-container\">\n\t\t\t\t\t\t\t\t\t<p data-start=\"348\" data-end=\"731\"><strong data-start=\"348\" data-end=\"368\">JF Racing Events<\/strong> propose des services professionnels en sport automobile, s\u2019appuyant sur plus de <strong data-start=\"430\" data-end=\"484\">25 ans d\u2019exp\u00e9rience dans le motorsport international<\/strong>, notamment en endurance et au sein du <strong data-start=\"521\" data-end=\"557\">Championnat du Monde d\u2019Endurance FIA (WEC)<\/strong>. Fond\u00e9e par <strong data-start=\"570\" data-end=\"589\">Jerome Fougeray<\/strong>, originaire du Mans, l\u2019entreprise accompagne \u00e9quipes officielles, \u00e9quipes priv\u00e9es et partenaires dans la mise en \u0153uvre r\u00e9ussie de programmes de course \u00e0 travers le monde.<\/p><p data-start=\"733\" data-end=\"1051\">Fort d\u2019un parcours marqu\u00e9 par des collaborations avec <strong data-start=\"777\" data-end=\"819\">Courage, Oreca et TOYOTA GAZOO Racing<\/strong>, JF Racing Events a d\u00e9velopp\u00e9 une expertise approfondie en <strong data-start=\"870\" data-end=\"940\">course, coordination logistique et gestion d\u2019\u00e9v\u00e9nements sur site<\/strong>. Cette exp\u00e9rience terrain garantit une compr\u00e9hension compl\u00e8te des exigences op\u00e9rationnelles du sport automobile de haut niveau.<\/p><p data-start=\"1053\" data-end=\"1130\">JF Racing Events assure un accompagnement fiable sur l\u2019ensemble des composantes d\u2019un \u00e9v\u00e9nement de course :<\/p><ul data-start=\"1131\" data-end=\"1255\"><li data-start=\"1131\" data-end=\"1164\"><p data-start=\"1133\" data-end=\"1164\">Coordination d\u2019\u00e9v\u00e9nements motorsport<\/p><\/li><li data-start=\"1165\" data-end=\"1194\"><p data-start=\"1167\" data-end=\"1194\">Logistique des \u00e9quipes et des pilotes<\/p><\/li><li data-start=\"1195\" data-end=\"1228\"><p data-start=\"1197\" data-end=\"1228\">Gestion des op\u00e9rations sur site<\/p><\/li><li data-start=\"1229\" data-end=\"1255\"><p data-start=\"1231\" data-end=\"1255\">Ex\u00e9cution compl\u00e8te des week-ends de course<\/p><\/li><\/ul><p data-start=\"1257\" data-end=\"1425\">Des <strong data-start=\"1266\" data-end=\"1286\">24 Heures du Mans<\/strong> aux championnats internationaux, JF Racing Events garantit pr\u00e9cision, efficacit\u00e9 et performance dans des environnements de course \u00e0 forte pression.<\/p>\t\t\t\t\t\t\t\t<\/div>\n\t\t\t\t<\/div>\n\t\t\t\t\t<\/div>\n\t\t\t\t<\/div>\n\t\t\t\t<\/div>","protected":false},"excerpt":{"rendered":"<p>Motorsport Services &amp; Race Event Support JF Racing Events delivers professional motorsport services based on more than 25 years of experience in international motorsport, including endurance racing and the FIA World Endurance Championship. Founded by Jerome Fougeray, a Le Mans native, the company supports factory teams, private teams and partners in the successful execution of&hellip;&nbsp;<\/p>","protected":false},"author":1,"featured_media":0,"parent":0,"menu_order":0,"comment_status":"closed","ping_status":"closed","template":"page-templates\/template-pagebuilder-full-width.php","meta":{"neve_meta_sidebar":"","neve_meta_container":"","neve_meta_enable_content_width":"","neve_meta_content_width":0,"neve_meta_title_alignment":"","neve_meta_author_avatar":"","neve_post_elements_order":"","neve_meta_disable_header":"","neve_meta_disable_footer":"","neve_meta_disable_title":"","footnotes":""},"class_list":["post-454","page","type-page","status-publish","hentry"],"yoast_head":"<!-- This site is optimized with the Yoast SEO plugin v27.4 - https:\/\/yoast.com\/product\/yoast-seo-wordpress\/ -->\n<title>Motorsport Services &amp; Race Event Support | JF Racing Events<\/title>\n<meta name=\"description\" content=\"Professional motorsport services including race event coordination, logistics and on-site operations, built on 25+ years of international racing experience.\" \/>\n<meta name=\"robots\" content=\"index, follow, max-snippet:-1, max-image-preview:large, max-video-preview:-1\" \/>\n<link rel=\"canonical\" href=\"https:\/\/jfracingevents.com\/fr\/motorsport\/\" \/>\n<meta property=\"og:locale\" content=\"fr_FR\" \/>\n<meta property=\"og:type\" content=\"article\" \/>\n<meta property=\"og:title\" content=\"Motorsport Services &amp; Race Event Support | JF Racing Events\" \/>\n<meta property=\"og:description\" content=\"Professional motorsport services including race event coordination, logistics and on-site operations, built on 25+ years of international racing experience.\" \/>\n<meta property=\"og:url\" content=\"https:\/\/jfracingevents.com\/fr\/motorsport\/\" \/>\n<meta property=\"og:site_name\" content=\"jfracingevents.com\" \/>\n<meta property=\"article:modified_time\" content=\"2026-04-20T12:03:04+00:00\" \/>\n<meta property=\"og:image\" content=\"https:\/\/jfracingevents.com\/wp-content\/uploads\/2026\/04\/toyota-gazoo-racing-team-imola-fia-wec-2026-1024x683.jpg\" \/>\n<meta name=\"twitter:card\" content=\"summary_large_image\" \/>\n<meta name=\"twitter:label1\" content=\"Dur\u00e9e de lecture estim\u00e9e\" \/>\n\t<meta name=\"twitter:data1\" content=\"1 minute\" \/>\n<script type=\"application\/ld+json\" class=\"yoast-schema-graph\">{\"@context\":\"https:\\\/\\\/schema.org\",\"@graph\":[{\"@type\":\"WebPage\",\"@id\":\"https:\\\/\\\/jfracingevents.com\\\/motorsport\\\/\",\"url\":\"https:\\\/\\\/jfracingevents.com\\\/motorsport\\\/\",\"name\":\"Motorsport Services & Race Event Support | JF Racing Events\",\"isPartOf\":{\"@id\":\"https:\\\/\\\/jfracingevents.com\\\/#website\"},\"primaryImageOfPage\":{\"@id\":\"https:\\\/\\\/jfracingevents.com\\\/motorsport\\\/#primaryimage\"},\"image\":{\"@id\":\"https:\\\/\\\/jfracingevents.com\\\/motorsport\\\/#primaryimage\"},\"thumbnailUrl\":\"https:\\\/\\\/jfracingevents.com\\\/wp-content\\\/uploads\\\/2026\\\/04\\\/toyota-gazoo-racing-team-imola-fia-wec-2026-1024x683.jpg\",\"datePublished\":\"2026-01-16T09:13:55+00:00\",\"dateModified\":\"2026-04-20T12:03:04+00:00\",\"description\":\"Professional motorsport services including race event coordination, logistics and on-site operations, built on 25+ years of international racing experience.\",\"breadcrumb\":{\"@id\":\"https:\\\/\\\/jfracingevents.com\\\/motorsport\\\/#breadcrumb\"},\"inLanguage\":\"fr-FR\",\"potentialAction\":[{\"@type\":\"ReadAction\",\"target\":[\"https:\\\/\\\/jfracingevents.com\\\/motorsport\\\/\"]}]},{\"@type\":\"ImageObject\",\"inLanguage\":\"fr-FR\",\"@id\":\"https:\\\/\\\/jfracingevents.com\\\/motorsport\\\/#primaryimage\",\"url\":\"https:\\\/\\\/jfracingevents.com\\\/wp-content\\\/uploads\\\/2026\\\/04\\\/toyota-gazoo-racing-team-imola-fia-wec-2026-1024x683.jpg\",\"contentUrl\":\"https:\\\/\\\/jfracingevents.com\\\/wp-content\\\/uploads\\\/2026\\\/04\\\/toyota-gazoo-racing-team-imola-fia-wec-2026-1024x683.jpg\"},{\"@type\":\"BreadcrumbList\",\"@id\":\"https:\\\/\\\/jfracingevents.com\\\/motorsport\\\/#breadcrumb\",\"itemListElement\":[{\"@type\":\"ListItem\",\"position\":1,\"name\":\"Accueil\",\"item\":\"https:\\\/\\\/jfracingevents.com\\\/\"},{\"@type\":\"ListItem\",\"position\":2,\"name\":\"Motorsport\"}]},{\"@type\":\"WebSite\",\"@id\":\"https:\\\/\\\/jfracingevents.com\\\/#website\",\"url\":\"https:\\\/\\\/jfracingevents.com\\\/\",\"name\":\"jfracingevents.com\",\"description\":\"sports consulting\",\"publisher\":{\"@id\":\"https:\\\/\\\/jfracingevents.com\\\/#organization\"},\"potentialAction\":[{\"@type\":\"SearchAction\",\"target\":{\"@type\":\"EntryPoint\",\"urlTemplate\":\"https:\\\/\\\/jfracingevents.com\\\/?s={search_term_string}\"},\"query-input\":{\"@type\":\"PropertyValueSpecification\",\"valueRequired\":true,\"valueName\":\"search_term_string\"}}],\"inLanguage\":\"fr-FR\"},{\"@type\":\"Organization\",\"@id\":\"https:\\\/\\\/jfracingevents.com\\\/#organization\",\"name\":\"jfracingevents.com\",\"url\":\"https:\\\/\\\/jfracingevents.com\\\/\",\"logo\":{\"@type\":\"ImageObject\",\"inLanguage\":\"fr-FR\",\"@id\":\"https:\\\/\\\/jfracingevents.com\\\/#\\\/schema\\\/logo\\\/image\\\/\",\"url\":\"https:\\\/\\\/jfracingevents.com\\\/wp-content\\\/uploads\\\/2024\\\/09\\\/Logo-JF-Racing-Events-Moy-Def-CMJN-Sans-fond.png\",\"contentUrl\":\"https:\\\/\\\/jfracingevents.com\\\/wp-content\\\/uploads\\\/2024\\\/09\\\/Logo-JF-Racing-Events-Moy-Def-CMJN-Sans-fond.png\",\"width\":1772,\"height\":922,\"caption\":\"jfracingevents.com\"},\"image\":{\"@id\":\"https:\\\/\\\/jfracingevents.com\\\/#\\\/schema\\\/logo\\\/image\\\/\"}}]}<\/script>\n<!-- \/ Yoast SEO plugin. -->","yoast_head_json":{"title":"Motorsport Services & Race Event Support | JF Racing Events","description":"Professional motorsport services including race event coordination, logistics and on-site operations, built on 25+ years of international racing experience.","robots":{"index":"index","follow":"follow","max-snippet":"max-snippet:-1","max-image-preview":"max-image-preview:large","max-video-preview":"max-video-preview:-1"},"canonical":"https:\/\/jfracingevents.com\/fr\/motorsport\/","og_locale":"fr_FR","og_type":"article","og_title":"Motorsport Services & Race Event Support | JF Racing Events","og_description":"Professional motorsport services including race event coordination, logistics and on-site operations, built on 25+ years of international racing experience.","og_url":"https:\/\/jfracingevents.com\/fr\/motorsport\/","og_site_name":"jfracingevents.com","article_modified_time":"2026-04-20T12:03:04+00:00","og_image":[{"url":"https:\/\/jfracingevents.com\/wp-content\/uploads\/2026\/04\/toyota-gazoo-racing-team-imola-fia-wec-2026-1024x683.jpg","type":"","width":"","height":""}],"twitter_card":"summary_large_image","twitter_misc":{"Dur\u00e9e de lecture estim\u00e9e":"1 minute"},"schema":{"@context":"https:\/\/schema.org","@graph":[{"@type":"WebPage","@id":"https:\/\/jfracingevents.com\/motorsport\/","url":"https:\/\/jfracingevents.com\/motorsport\/","name":"Motorsport Services & Race Event Support | JF Racing Events","isPartOf":{"@id":"https:\/\/jfracingevents.com\/#website"},"primaryImageOfPage":{"@id":"https:\/\/jfracingevents.com\/motorsport\/#primaryimage"},"image":{"@id":"https:\/\/jfracingevents.com\/motorsport\/#primaryimage"},"thumbnailUrl":"https:\/\/jfracingevents.com\/wp-content\/uploads\/2026\/04\/toyota-gazoo-racing-team-imola-fia-wec-2026-1024x683.jpg","datePublished":"2026-01-16T09:13:55+00:00","dateModified":"2026-04-20T12:03:04+00:00","description":"Professional motorsport services including race event coordination, logistics and on-site operations, built on 25+ years of international racing experience.","breadcrumb":{"@id":"https:\/\/jfracingevents.com\/motorsport\/#breadcrumb"},"inLanguage":"fr-FR","potentialAction":[{"@type":"ReadAction","target":["https:\/\/jfracingevents.com\/motorsport\/"]}]},{"@type":"ImageObject","inLanguage":"fr-FR","@id":"https:\/\/jfracingevents.com\/motorsport\/#primaryimage","url":"https:\/\/jfracingevents.com\/wp-content\/uploads\/2026\/04\/toyota-gazoo-racing-team-imola-fia-wec-2026-1024x683.jpg","contentUrl":"https:\/\/jfracingevents.com\/wp-content\/uploads\/2026\/04\/toyota-gazoo-racing-team-imola-fia-wec-2026-1024x683.jpg"},{"@type":"BreadcrumbList","@id":"https:\/\/jfracingevents.com\/motorsport\/#breadcrumb","itemListElement":[{"@type":"ListItem","position":1,"name":"Accueil","item":"https:\/\/jfracingevents.com\/"},{"@type":"ListItem","position":2,"name":"Motorsport"}]},{"@type":"WebSite","@id":"https:\/\/jfracingevents.com\/#website","url":"https:\/\/jfracingevents.com\/","name":"jfracingevents.com","description":"sports consulting","publisher":{"@id":"https:\/\/jfracingevents.com\/#organization"},"potentialAction":[{"@type":"SearchAction","target":{"@type":"EntryPoint","urlTemplate":"https:\/\/jfracingevents.com\/?s={search_term_string}"},"query-input":{"@type":"PropertyValueSpecification","valueRequired":true,"valueName":"search_term_string"}}],"inLanguage":"fr-FR"},{"@type":"Organization","@id":"https:\/\/jfracingevents.com\/#organization","name":"jfracingevents.com","url":"https:\/\/jfracingevents.com\/","logo":{"@type":"ImageObject","inLanguage":"fr-FR","@id":"https:\/\/jfracingevents.com\/#\/schema\/logo\/image\/","url":"https:\/\/jfracingevents.com\/wp-content\/uploads\/2024\/09\/Logo-JF-Racing-Events-Moy-Def-CMJN-Sans-fond.png","contentUrl":"https:\/\/jfracingevents.com\/wp-content\/uploads\/2024\/09\/Logo-JF-Racing-Events-Moy-Def-CMJN-Sans-fond.png","width":1772,"height":922,"caption":"jfracingevents.com"},"image":{"@id":"https:\/\/jfracingevents.com\/#\/schema\/logo\/image\/"}}]}},"jetpack_sharing_enabled":true,"_links":{"self":[{"href":"https:\/\/jfracingevents.com\/fr\/wp-json\/wp\/v2\/pages\/454","targetHints":{"allow":["GET"]}}],"collection":[{"href":"https:\/\/jfracingevents.com\/fr\/wp-json\/wp\/v2\/pages"}],"about":[{"href":"https:\/\/jfracingevents.com\/fr\/wp-json\/wp\/v2\/types\/page"}],"author":[{"embeddable":true,"href":"https:\/\/jfracingevents.com\/fr\/wp-json\/wp\/v2\/users\/1"}],"replies":[{"embeddable":true,"href":"https:\/\/jfracingevents.com\/fr\/wp-json\/wp\/v2\/comments?post=454"}],"version-history":[{"count":16,"href":"https:\/\/jfracingevents.com\/fr\/wp-json\/wp\/v2\/pages\/454\/revisions"}],"predecessor-version":[{"id":799,"href":"https:\/\/jfracingevents.com\/fr\/wp-json\/wp\/v2\/pages\/454\/revisions\/799"}],"wp:attachment":[{"href":"https:\/\/jfracingevents.com\/fr\/wp-json\/wp\/v2\/media?parent=454"}],"curies":[{"name":"wp","href":"https:\/\/api.w.org\/{rel}","templated":true}]}}