{"id":459,"date":"2026-01-16T10:20:07","date_gmt":"2026-01-16T09:20:07","guid":{"rendered":"https:\/\/jfracingevents.com\/?page_id=459"},"modified":"2026-03-02T16:04:57","modified_gmt":"2026-03-02T15:04:57","slug":"management","status":"publish","type":"page","link":"https:\/\/jfracingevents.com\/fr\/management\/","title":{"rendered":"Management"},"content":{"rendered":"<div data-elementor-type=\"wp-page\" data-elementor-id=\"459\" class=\"elementor elementor-459\" data-elementor-post-type=\"page\">\n\t\t\t\t<div class=\"elementor-element elementor-element-e70b8f0 e-con-full e-flex e-con e-parent\" data-id=\"e70b8f0\" data-element_type=\"container\" data-e-type=\"container\">\n\t\t\t\t<div class=\"elementor-element elementor-element-020a0a4 elementor-widget-divider--view-line elementor-widget elementor-widget-divider\" data-id=\"020a0a4\" data-element_type=\"widget\" data-e-type=\"widget\" data-widget_type=\"divider.default\">\n\t\t\t\t<div class=\"elementor-widget-container\">\n\t\t\t\t\t\t\t<div class=\"elementor-divider\">\n\t\t\t<span class=\"elementor-divider-separator\">\n\t\t\t\t\t\t<\/span>\n\t\t<\/div>\n\t\t\t\t\t\t<\/div>\n\t\t\t\t<\/div>\n\t\t\t\t<\/div>\n\t\t<div class=\"elementor-element elementor-element-ee4cbad e-flex e-con-boxed e-con e-parent\" data-id=\"ee4cbad\" data-element_type=\"container\" data-e-type=\"container\">\n\t\t\t\t\t<div class=\"e-con-inner\">\n\t\t\t\t<div class=\"elementor-element elementor-element-80aff69 elementor-widget elementor-widget-heading\" data-id=\"80aff69\" data-element_type=\"widget\" data-e-type=\"widget\" data-widget_type=\"heading.default\">\n\t\t\t\t<div class=\"elementor-widget-container\">\n\t\t\t\t\t<h1 class=\"elementor-heading-title elementor-size-default\">Management Motorsport, Logistique &amp; Coordination d\u2019\u00c9quipes<\/h1>\t\t\t\t<\/div>\n\t\t\t\t<\/div>\n\t\t<div class=\"elementor-element elementor-element-e803530 e-con-full e-flex e-con e-child\" data-id=\"e803530\" data-element_type=\"container\" data-e-type=\"container\">\n\t\t\t\t<div class=\"elementor-element elementor-element-7753eb3 elementor-widget__width-inherit elementor-widget elementor-widget-image\" data-id=\"7753eb3\" data-element_type=\"widget\" data-e-type=\"widget\" data-widget_type=\"image.default\">\n\t\t\t\t<div class=\"elementor-widget-container\">\n\t\t\t\t\t\t\t\t\t\t\t\t\t\t\t<img fetchpriority=\"high\" decoding=\"async\" width=\"1024\" height=\"579\" src=\"https:\/\/jfracingevents.com\/wp-content\/uploads\/2026\/01\/New-home-Thank-you-@eila.de-for-the-amazing-job-in-the-last-two-days-to-be-ready-on-time--1024x579.jpg\" class=\"attachment-large size-large wp-image-539\" alt=\"\" srcset=\"https:\/\/jfracingevents.com\/wp-content\/uploads\/2026\/01\/New-home-Thank-you-@eila.de-for-the-amazing-job-in-the-last-two-days-to-be-ready-on-time--1024x579.jpg 1024w, https:\/\/jfracingevents.com\/wp-content\/uploads\/2026\/01\/New-home-Thank-you-@eila.de-for-the-amazing-job-in-the-last-two-days-to-be-ready-on-time--300x170.jpg 300w, https:\/\/jfracingevents.com\/wp-content\/uploads\/2026\/01\/New-home-Thank-you-@eila.de-for-the-amazing-job-in-the-last-two-days-to-be-ready-on-time--768x434.jpg 768w, https:\/\/jfracingevents.com\/wp-content\/uploads\/2026\/01\/New-home-Thank-you-@eila.de-for-the-amazing-job-in-the-last-two-days-to-be-ready-on-time--18x10.jpg 18w, https:\/\/jfracingevents.com\/wp-content\/uploads\/2026\/01\/New-home-Thank-you-@eila.de-for-the-amazing-job-in-the-last-two-days-to-be-ready-on-time-.jpg 1080w\" sizes=\"(max-width: 1024px) 100vw, 1024px\" \/>\t\t\t\t\t\t\t\t\t\t\t\t\t\t\t<\/div>\n\t\t\t\t<\/div>\n\t\t\t\t<\/div>\n\t\t\t\t<div class=\"elementor-element elementor-element-6a20ff7 elementor-widget elementor-widget-text-editor\" data-id=\"6a20ff7\" data-element_type=\"widget\" data-e-type=\"widget\" data-widget_type=\"text-editor.default\">\n\t\t\t\t<div class=\"elementor-widget-container\">\n\t\t\t\t\t\t\t\t\t<p>La r\u00e9ussite de projets en sport automobile repose sur une organisation rigoureuse, une communication claire et un leadership exp\u00e9riment\u00e9. <strong data-start=\"1614\" data-end=\"1634\">JF Racing Events<\/strong> propose des services complets <strong data-start=\"1656\" data-end=\"1690\">de management motorsport<\/strong> , con\u00e7us pour accompagner \u00e9quipes, pilotes, sponsors et dirigeants tout au long des saisons de course et lors d\u2019\u00e9v\u00e9nements majeurs.<\/p><p data-start=\"1796\" data-end=\"1898\">Dans le cadre de sa collaboration de longue date avec <strong>TOYOTA GAZOO Racing en tant que Marketing Coordinator<\/strong>, J\u00e9r\u00f4me Fougeray joue un r\u00f4le central dans :<\/p><ul><li data-start=\"1901\" data-end=\"1976\">La planification et la gestion de l\u2019hospitalit\u00e9 (dont les <strong data-start=\"1950\" data-end=\"1973\">24 Heures du Mans<\/strong>)<\/li><li data-start=\"1979\" data-end=\"2035\">La gestion logistique des pilotes et des cadres dirigeants<\/li><li data-start=\"2038\" data-end=\"2083\">La coordination du branding sur site et de la billetterie<\/li><li data-start=\"2086\" data-end=\"2126\">Le support op\u00e9rationnel aupr\u00e8s du management des \u00e9quipes<\/li><\/ul><p data-start=\"2128\" data-end=\"2321\">Cette exp\u00e9rience permet \u00e0 JF Racing Events de proposer <strong data-start=\"2179\" data-end=\"2235\">un management structur\u00e9, respectant les budgets et les d\u00e9lais<\/strong>, et d\u2019assurer une collaboration fluide entre organisateurs de courses, fournisseurs et membres des \u00e9quipes.<\/p><p data-start=\"2323\" data-end=\"2537\">Gr\u00e2ce \u00e0 une solide exp\u00e9rience dans <strong data-start=\"2352\" data-end=\"2412\">des environnements motorsport internationaux et multiculturels<\/strong>, JF Racing Events communique de mani\u00e8re professionnelle en <strong data-start=\"2462\" data-end=\"2484\">fran\u00e7ais et en anglais<\/strong>, et s\u2019adapte naturellement aux standards du sport automobile mondial.<\/p>\t\t\t\t\t\t\t\t<\/div>\n\t\t\t\t<\/div>\n\t\t<div class=\"elementor-element elementor-element-e8d9daf e-con-full e-flex e-con e-child\" data-id=\"e8d9daf\" data-element_type=\"container\" data-e-type=\"container\">\n\t\t<div class=\"elementor-element elementor-element-a093465 e-con-full e-flex e-con e-child\" data-id=\"a093465\" data-element_type=\"container\" data-e-type=\"container\">\n\t\t\t\t<div class=\"elementor-element elementor-element-87e7598 elementor-widget__width-inherit elementor-widget elementor-widget-image\" data-id=\"87e7598\" data-element_type=\"widget\" data-e-type=\"widget\" data-widget_type=\"image.default\">\n\t\t\t\t<div class=\"elementor-widget-container\">\n\t\t\t\t\t\t\t\t\t\t\t\t\t\t\t<img decoding=\"async\" width=\"1024\" height=\"588\" src=\"https:\/\/jfracingevents.com\/wp-content\/uploads\/2026\/01\/Best-fans-in-the-World-here-at-Fujispeedway-\ud83c\uddef\ud83c\uddf5\ud83e\udd70-1024x588.jpg\" class=\"attachment-large size-large wp-image-567\" alt=\"\" srcset=\"https:\/\/jfracingevents.com\/wp-content\/uploads\/2026\/01\/Best-fans-in-the-World-here-at-Fujispeedway-\ud83c\uddef\ud83c\uddf5\ud83e\udd70-1024x588.jpg 1024w, https:\/\/jfracingevents.com\/wp-content\/uploads\/2026\/01\/Best-fans-in-the-World-here-at-Fujispeedway-\ud83c\uddef\ud83c\uddf5\ud83e\udd70-300x172.jpg 300w, https:\/\/jfracingevents.com\/wp-content\/uploads\/2026\/01\/Best-fans-in-the-World-here-at-Fujispeedway-\ud83c\uddef\ud83c\uddf5\ud83e\udd70-768x441.jpg 768w, https:\/\/jfracingevents.com\/wp-content\/uploads\/2026\/01\/Best-fans-in-the-World-here-at-Fujispeedway-\ud83c\uddef\ud83c\uddf5\ud83e\udd70-18x10.jpg 18w, https:\/\/jfracingevents.com\/wp-content\/uploads\/2026\/01\/Best-fans-in-the-World-here-at-Fujispeedway-\ud83c\uddef\ud83c\uddf5\ud83e\udd70.jpg 1080w\" sizes=\"(max-width: 1024px) 100vw, 1024px\" \/>\t\t\t\t\t\t\t\t\t\t\t\t\t\t\t<\/div>\n\t\t\t\t<\/div>\n\t\t\t\t<\/div>\n\t\t<div class=\"elementor-element elementor-element-f2d5f2e e-con-full e-flex e-con e-child\" data-id=\"f2d5f2e\" data-element_type=\"container\" data-e-type=\"container\">\n\t\t\t\t<div class=\"elementor-element elementor-element-7c3b9d3 elementor-widget__width-inherit elementor-widget elementor-widget-image\" data-id=\"7c3b9d3\" data-element_type=\"widget\" data-e-type=\"widget\" data-widget_type=\"image.default\">\n\t\t\t\t<div class=\"elementor-widget-container\">\n\t\t\t\t\t\t\t\t\t\t\t\t\t\t\t<img decoding=\"async\" width=\"1024\" height=\"576\" src=\"https:\/\/jfracingevents.com\/wp-content\/uploads\/2026\/01\/Buongiorno-ragazzi-from-our-TGR-Team-Hospitality-\ud83c\uddee\ud83c\uddf9-1024x576.jpg\" class=\"attachment-large size-large wp-image-540\" alt=\"\" srcset=\"https:\/\/jfracingevents.com\/wp-content\/uploads\/2026\/01\/Buongiorno-ragazzi-from-our-TGR-Team-Hospitality-\ud83c\uddee\ud83c\uddf9-1024x576.jpg 1024w, https:\/\/jfracingevents.com\/wp-content\/uploads\/2026\/01\/Buongiorno-ragazzi-from-our-TGR-Team-Hospitality-\ud83c\uddee\ud83c\uddf9-300x169.jpg 300w, https:\/\/jfracingevents.com\/wp-content\/uploads\/2026\/01\/Buongiorno-ragazzi-from-our-TGR-Team-Hospitality-\ud83c\uddee\ud83c\uddf9-768x432.jpg 768w, https:\/\/jfracingevents.com\/wp-content\/uploads\/2026\/01\/Buongiorno-ragazzi-from-our-TGR-Team-Hospitality-\ud83c\uddee\ud83c\uddf9-18x10.jpg 18w, https:\/\/jfracingevents.com\/wp-content\/uploads\/2026\/01\/Buongiorno-ragazzi-from-our-TGR-Team-Hospitality-\ud83c\uddee\ud83c\uddf9.jpg 1080w\" sizes=\"(max-width: 1024px) 100vw, 1024px\" \/>\t\t\t\t\t\t\t\t\t\t\t\t\t\t\t<\/div>\n\t\t\t\t<\/div>\n\t\t\t\t<\/div>\n\t\t\t\t<\/div>\n\t\t\t\t\t<\/div>\n\t\t\t\t<\/div>\n\t\t\t\t<\/div>","protected":false},"excerpt":{"rendered":"<p>Motorsport Management, Logistics &amp; Team Coordination Successful motorsport projects require strong organisation, clear communication and experienced leadership. JF Racing Events offers comprehensive motorsport management services designed to support teams, drivers, sponsors and executives throughout racing seasons and major events. Through his long-standing collaboration with TOYOTA GAZOO Racing as Marketing Coordinator, Jerome Fougeray plays a central&hellip;&nbsp;<\/p>","protected":false},"author":1,"featured_media":0,"parent":0,"menu_order":0,"comment_status":"closed","ping_status":"closed","template":"page-templates\/template-pagebuilder-full-width.php","meta":{"neve_meta_sidebar":"","neve_meta_container":"","neve_meta_enable_content_width":"","neve_meta_content_width":0,"neve_meta_title_alignment":"","neve_meta_author_avatar":"","neve_post_elements_order":"","neve_meta_disable_header":"","neve_meta_disable_footer":"","neve_meta_disable_title":"","footnotes":""},"class_list":["post-459","page","type-page","status-publish","hentry"],"yoast_head":"<!-- This site is optimized with the Yoast SEO plugin v27.4 - https:\/\/yoast.com\/product\/yoast-seo-wordpress\/ -->\n<title>Motorsport Management &amp; Logistics | JF Racing Events<\/title>\n<meta name=\"description\" content=\"Expert motorsport management services covering hospitality, logistics, branding coordination and team support for international racing programmes.\" \/>\n<meta name=\"robots\" content=\"index, follow, max-snippet:-1, max-image-preview:large, max-video-preview:-1\" \/>\n<link rel=\"canonical\" href=\"https:\/\/jfracingevents.com\/fr\/management\/\" \/>\n<meta property=\"og:locale\" content=\"fr_FR\" \/>\n<meta property=\"og:type\" content=\"article\" \/>\n<meta property=\"og:title\" content=\"Motorsport Management &amp; Logistics | JF Racing Events\" \/>\n<meta property=\"og:description\" content=\"Expert motorsport management services covering hospitality, logistics, branding coordination and team support for international racing programmes.\" \/>\n<meta property=\"og:url\" content=\"https:\/\/jfracingevents.com\/fr\/management\/\" \/>\n<meta property=\"og:site_name\" content=\"jfracingevents.com\" \/>\n<meta property=\"article:modified_time\" content=\"2026-03-02T15:04:57+00:00\" \/>\n<meta property=\"og:image\" content=\"https:\/\/jfracingevents.com\/wp-content\/uploads\/2026\/01\/New-home-Thank-you-@eila.de-for-the-amazing-job-in-the-last-two-days-to-be-ready-on-time-.jpg\" \/>\n\t<meta property=\"og:image:width\" content=\"1080\" \/>\n\t<meta property=\"og:image:height\" content=\"611\" \/>\n\t<meta property=\"og:image:type\" content=\"image\/jpeg\" \/>\n<meta name=\"twitter:card\" content=\"summary_large_image\" \/>\n<meta name=\"twitter:label1\" content=\"Dur\u00e9e de lecture estim\u00e9e\" \/>\n\t<meta name=\"twitter:data1\" content=\"2 minutes\" \/>\n<script type=\"application\/ld+json\" class=\"yoast-schema-graph\">{\"@context\":\"https:\\\/\\\/schema.org\",\"@graph\":[{\"@type\":\"WebPage\",\"@id\":\"https:\\\/\\\/jfracingevents.com\\\/management\\\/\",\"url\":\"https:\\\/\\\/jfracingevents.com\\\/management\\\/\",\"name\":\"Motorsport Management & Logistics | JF Racing Events\",\"isPartOf\":{\"@id\":\"https:\\\/\\\/jfracingevents.com\\\/#website\"},\"primaryImageOfPage\":{\"@id\":\"https:\\\/\\\/jfracingevents.com\\\/management\\\/#primaryimage\"},\"image\":{\"@id\":\"https:\\\/\\\/jfracingevents.com\\\/management\\\/#primaryimage\"},\"thumbnailUrl\":\"https:\\\/\\\/jfracingevents.com\\\/wp-content\\\/uploads\\\/2026\\\/01\\\/New-home-Thank-you-@eila.de-for-the-amazing-job-in-the-last-two-days-to-be-ready-on-time--1024x579.jpg\",\"datePublished\":\"2026-01-16T09:20:07+00:00\",\"dateModified\":\"2026-03-02T15:04:57+00:00\",\"description\":\"Expert motorsport management services covering hospitality, logistics, branding coordination and team support for international racing programmes.\",\"breadcrumb\":{\"@id\":\"https:\\\/\\\/jfracingevents.com\\\/management\\\/#breadcrumb\"},\"inLanguage\":\"fr-FR\",\"potentialAction\":[{\"@type\":\"ReadAction\",\"target\":[\"https:\\\/\\\/jfracingevents.com\\\/management\\\/\"]}]},{\"@type\":\"ImageObject\",\"inLanguage\":\"fr-FR\",\"@id\":\"https:\\\/\\\/jfracingevents.com\\\/management\\\/#primaryimage\",\"url\":\"https:\\\/\\\/jfracingevents.com\\\/wp-content\\\/uploads\\\/2026\\\/01\\\/New-home-Thank-you-@eila.de-for-the-amazing-job-in-the-last-two-days-to-be-ready-on-time--1024x579.jpg\",\"contentUrl\":\"https:\\\/\\\/jfracingevents.com\\\/wp-content\\\/uploads\\\/2026\\\/01\\\/New-home-Thank-you-@eila.de-for-the-amazing-job-in-the-last-two-days-to-be-ready-on-time--1024x579.jpg\"},{\"@type\":\"BreadcrumbList\",\"@id\":\"https:\\\/\\\/jfracingevents.com\\\/management\\\/#breadcrumb\",\"itemListElement\":[{\"@type\":\"ListItem\",\"position\":1,\"name\":\"Accueil\",\"item\":\"https:\\\/\\\/jfracingevents.com\\\/\"},{\"@type\":\"ListItem\",\"position\":2,\"name\":\"Management\"}]},{\"@type\":\"WebSite\",\"@id\":\"https:\\\/\\\/jfracingevents.com\\\/#website\",\"url\":\"https:\\\/\\\/jfracingevents.com\\\/\",\"name\":\"jfracingevents.com\",\"description\":\"sports consulting\",\"publisher\":{\"@id\":\"https:\\\/\\\/jfracingevents.com\\\/#organization\"},\"potentialAction\":[{\"@type\":\"SearchAction\",\"target\":{\"@type\":\"EntryPoint\",\"urlTemplate\":\"https:\\\/\\\/jfracingevents.com\\\/?s={search_term_string}\"},\"query-input\":{\"@type\":\"PropertyValueSpecification\",\"valueRequired\":true,\"valueName\":\"search_term_string\"}}],\"inLanguage\":\"fr-FR\"},{\"@type\":\"Organization\",\"@id\":\"https:\\\/\\\/jfracingevents.com\\\/#organization\",\"name\":\"jfracingevents.com\",\"url\":\"https:\\\/\\\/jfracingevents.com\\\/\",\"logo\":{\"@type\":\"ImageObject\",\"inLanguage\":\"fr-FR\",\"@id\":\"https:\\\/\\\/jfracingevents.com\\\/#\\\/schema\\\/logo\\\/image\\\/\",\"url\":\"https:\\\/\\\/jfracingevents.com\\\/wp-content\\\/uploads\\\/2024\\\/09\\\/Logo-JF-Racing-Events-Moy-Def-CMJN-Sans-fond.png\",\"contentUrl\":\"https:\\\/\\\/jfracingevents.com\\\/wp-content\\\/uploads\\\/2024\\\/09\\\/Logo-JF-Racing-Events-Moy-Def-CMJN-Sans-fond.png\",\"width\":1772,\"height\":922,\"caption\":\"jfracingevents.com\"},\"image\":{\"@id\":\"https:\\\/\\\/jfracingevents.com\\\/#\\\/schema\\\/logo\\\/image\\\/\"}}]}<\/script>\n<!-- \/ Yoast SEO plugin. -->","yoast_head_json":{"title":"Motorsport Management & Logistics | JF Racing Events","description":"Expert motorsport management services covering hospitality, logistics, branding coordination and team support for international racing programmes.","robots":{"index":"index","follow":"follow","max-snippet":"max-snippet:-1","max-image-preview":"max-image-preview:large","max-video-preview":"max-video-preview:-1"},"canonical":"https:\/\/jfracingevents.com\/fr\/management\/","og_locale":"fr_FR","og_type":"article","og_title":"Motorsport Management & Logistics | JF Racing Events","og_description":"Expert motorsport management services covering hospitality, logistics, branding coordination and team support for international racing programmes.","og_url":"https:\/\/jfracingevents.com\/fr\/management\/","og_site_name":"jfracingevents.com","article_modified_time":"2026-03-02T15:04:57+00:00","og_image":[{"width":1080,"height":611,"url":"https:\/\/jfracingevents.com\/wp-content\/uploads\/2026\/01\/New-home-Thank-you-@eila.de-for-the-amazing-job-in-the-last-two-days-to-be-ready-on-time-.jpg","type":"image\/jpeg"}],"twitter_card":"summary_large_image","twitter_misc":{"Dur\u00e9e de lecture estim\u00e9e":"2 minutes"},"schema":{"@context":"https:\/\/schema.org","@graph":[{"@type":"WebPage","@id":"https:\/\/jfracingevents.com\/management\/","url":"https:\/\/jfracingevents.com\/management\/","name":"Motorsport Management & Logistics | JF Racing Events","isPartOf":{"@id":"https:\/\/jfracingevents.com\/#website"},"primaryImageOfPage":{"@id":"https:\/\/jfracingevents.com\/management\/#primaryimage"},"image":{"@id":"https:\/\/jfracingevents.com\/management\/#primaryimage"},"thumbnailUrl":"https:\/\/jfracingevents.com\/wp-content\/uploads\/2026\/01\/New-home-Thank-you-@eila.de-for-the-amazing-job-in-the-last-two-days-to-be-ready-on-time--1024x579.jpg","datePublished":"2026-01-16T09:20:07+00:00","dateModified":"2026-03-02T15:04:57+00:00","description":"Expert motorsport management services covering hospitality, logistics, branding coordination and team support for international racing programmes.","breadcrumb":{"@id":"https:\/\/jfracingevents.com\/management\/#breadcrumb"},"inLanguage":"fr-FR","potentialAction":[{"@type":"ReadAction","target":["https:\/\/jfracingevents.com\/management\/"]}]},{"@type":"ImageObject","inLanguage":"fr-FR","@id":"https:\/\/jfracingevents.com\/management\/#primaryimage","url":"https:\/\/jfracingevents.com\/wp-content\/uploads\/2026\/01\/New-home-Thank-you-@eila.de-for-the-amazing-job-in-the-last-two-days-to-be-ready-on-time--1024x579.jpg","contentUrl":"https:\/\/jfracingevents.com\/wp-content\/uploads\/2026\/01\/New-home-Thank-you-@eila.de-for-the-amazing-job-in-the-last-two-days-to-be-ready-on-time--1024x579.jpg"},{"@type":"BreadcrumbList","@id":"https:\/\/jfracingevents.com\/management\/#breadcrumb","itemListElement":[{"@type":"ListItem","position":1,"name":"Accueil","item":"https:\/\/jfracingevents.com\/"},{"@type":"ListItem","position":2,"name":"Management"}]},{"@type":"WebSite","@id":"https:\/\/jfracingevents.com\/#website","url":"https:\/\/jfracingevents.com\/","name":"jfracingevents.com","description":"sports consulting","publisher":{"@id":"https:\/\/jfracingevents.com\/#organization"},"potentialAction":[{"@type":"SearchAction","target":{"@type":"EntryPoint","urlTemplate":"https:\/\/jfracingevents.com\/?s={search_term_string}"},"query-input":{"@type":"PropertyValueSpecification","valueRequired":true,"valueName":"search_term_string"}}],"inLanguage":"fr-FR"},{"@type":"Organization","@id":"https:\/\/jfracingevents.com\/#organization","name":"jfracingevents.com","url":"https:\/\/jfracingevents.com\/","logo":{"@type":"ImageObject","inLanguage":"fr-FR","@id":"https:\/\/jfracingevents.com\/#\/schema\/logo\/image\/","url":"https:\/\/jfracingevents.com\/wp-content\/uploads\/2024\/09\/Logo-JF-Racing-Events-Moy-Def-CMJN-Sans-fond.png","contentUrl":"https:\/\/jfracingevents.com\/wp-content\/uploads\/2024\/09\/Logo-JF-Racing-Events-Moy-Def-CMJN-Sans-fond.png","width":1772,"height":922,"caption":"jfracingevents.com"},"image":{"@id":"https:\/\/jfracingevents.com\/#\/schema\/logo\/image\/"}}]}},"jetpack_sharing_enabled":true,"_links":{"self":[{"href":"https:\/\/jfracingevents.com\/fr\/wp-json\/wp\/v2\/pages\/459","targetHints":{"allow":["GET"]}}],"collection":[{"href":"https:\/\/jfracingevents.com\/fr\/wp-json\/wp\/v2\/pages"}],"about":[{"href":"https:\/\/jfracingevents.com\/fr\/wp-json\/wp\/v2\/types\/page"}],"author":[{"embeddable":true,"href":"https:\/\/jfracingevents.com\/fr\/wp-json\/wp\/v2\/users\/1"}],"replies":[{"embeddable":true,"href":"https:\/\/jfracingevents.com\/fr\/wp-json\/wp\/v2\/comments?post=459"}],"version-history":[{"count":22,"href":"https:\/\/jfracingevents.com\/fr\/wp-json\/wp\/v2\/pages\/459\/revisions"}],"predecessor-version":[{"id":736,"href":"https:\/\/jfracingevents.com\/fr\/wp-json\/wp\/v2\/pages\/459\/revisions\/736"}],"wp:attachment":[{"href":"https:\/\/jfracingevents.com\/fr\/wp-json\/wp\/v2\/media?parent=459"}],"curies":[{"name":"wp","href":"https:\/\/api.w.org\/{rel}","templated":true}]}}