{"id":464,"date":"2026-01-16T10:24:14","date_gmt":"2026-01-16T09:24:14","guid":{"rendered":"https:\/\/jfracingevents.com\/?page_id=464"},"modified":"2026-03-02T16:05:21","modified_gmt":"2026-03-02T15:05:21","slug":"consulting","status":"publish","type":"page","link":"https:\/\/jfracingevents.com\/fr\/consulting\/","title":{"rendered":"Consulting"},"content":{"rendered":"<div data-elementor-type=\"wp-page\" data-elementor-id=\"464\" class=\"elementor elementor-464\" data-elementor-post-type=\"page\">\n\t\t\t\t<div class=\"elementor-element elementor-element-5366c1a e-con-full e-flex e-con e-parent\" data-id=\"5366c1a\" data-element_type=\"container\" data-e-type=\"container\">\n\t\t\t\t<div class=\"elementor-element elementor-element-ddd7c15 elementor-widget-divider--view-line elementor-widget elementor-widget-divider\" data-id=\"ddd7c15\" data-element_type=\"widget\" data-e-type=\"widget\" data-widget_type=\"divider.default\">\n\t\t\t\t<div class=\"elementor-widget-container\">\n\t\t\t\t\t\t\t<div class=\"elementor-divider\">\n\t\t\t<span class=\"elementor-divider-separator\">\n\t\t\t\t\t\t<\/span>\n\t\t<\/div>\n\t\t\t\t\t\t<\/div>\n\t\t\t\t<\/div>\n\t\t\t\t<\/div>\n\t\t<div class=\"elementor-element elementor-element-92eac34 e-flex e-con-boxed e-con e-parent\" data-id=\"92eac34\" data-element_type=\"container\" data-e-type=\"container\">\n\t\t\t\t\t<div class=\"e-con-inner\">\n\t\t\t\t<div class=\"elementor-element elementor-element-1fe71fd elementor-widget elementor-widget-heading\" data-id=\"1fe71fd\" data-element_type=\"widget\" data-e-type=\"widget\" data-widget_type=\"heading.default\">\n\t\t\t\t<div class=\"elementor-widget-container\">\n\t\t\t\t\t<h1 class=\"elementor-heading-title elementor-size-default\">Conseil en Sport Automobile &amp; Accompagnement de Projets Strat\u00e9giques<\/h1>\t\t\t\t<\/div>\n\t\t\t\t<\/div>\n\t\t\t\t<div class=\"elementor-element elementor-element-77794d9 elementor-widget__width-inherit elementor-widget elementor-widget-image\" data-id=\"77794d9\" data-element_type=\"widget\" data-e-type=\"widget\" data-widget_type=\"image.default\">\n\t\t\t\t<div class=\"elementor-widget-container\">\n\t\t\t\t\t\t\t\t\t\t\t\t\t\t\t<img fetchpriority=\"high\" decoding=\"async\" width=\"1024\" height=\"576\" src=\"https:\/\/jfracingevents.com\/wp-content\/uploads\/2026\/01\/Another-one-in-the-basket-Thank-you-Sao-Paulo-you-have-been-amazing-as-10-years-ago.Next-sto-1024x576.jpg\" class=\"attachment-large size-large wp-image-544\" alt=\"J\u00e9r\u00f4me Fougeray_consutling brain storming\" srcset=\"https:\/\/jfracingevents.com\/wp-content\/uploads\/2026\/01\/Another-one-in-the-basket-Thank-you-Sao-Paulo-you-have-been-amazing-as-10-years-ago.Next-sto-1024x576.jpg 1024w, https:\/\/jfracingevents.com\/wp-content\/uploads\/2026\/01\/Another-one-in-the-basket-Thank-you-Sao-Paulo-you-have-been-amazing-as-10-years-ago.Next-sto-300x169.jpg 300w, https:\/\/jfracingevents.com\/wp-content\/uploads\/2026\/01\/Another-one-in-the-basket-Thank-you-Sao-Paulo-you-have-been-amazing-as-10-years-ago.Next-sto-768x432.jpg 768w, https:\/\/jfracingevents.com\/wp-content\/uploads\/2026\/01\/Another-one-in-the-basket-Thank-you-Sao-Paulo-you-have-been-amazing-as-10-years-ago.Next-sto-18x10.jpg 18w, https:\/\/jfracingevents.com\/wp-content\/uploads\/2026\/01\/Another-one-in-the-basket-Thank-you-Sao-Paulo-you-have-been-amazing-as-10-years-ago.Next-sto.jpg 1080w\" sizes=\"(max-width: 1024px) 100vw, 1024px\" \/>\t\t\t\t\t\t\t\t\t\t\t\t\t\t\t<\/div>\n\t\t\t\t<\/div>\n\t\t\t\t<div class=\"elementor-element elementor-element-a443cd5 elementor-widget elementor-widget-text-editor\" data-id=\"a443cd5\" data-element_type=\"widget\" data-e-type=\"widget\" data-widget_type=\"text-editor.default\">\n\t\t\t\t<div class=\"elementor-widget-container\">\n\t\t\t\t\t\t\t\t\t<p><strong>JF Racing Events<\/strong> propose des services de <strong data-start=\"2652\" data-end=\"2686\">conseil expert en sport automobile<\/strong> \u00e0 destination des \u00e9quipes, constructeurs, sponsors et organisateurs d\u2019\u00e9v\u00e9nements en qu\u00eate de vision strat\u00e9gique et d\u2019excellence op\u00e9rationnelle.<\/p><p data-start=\"2798\" data-end=\"2956\">S\u2019appuyant sur plusieurs d\u00e9cennies d\u2019exp\u00e9rience aupr\u00e8s <strong data-start=\"2838\" data-end=\"2890\">d\u2019\u00e9quipes officielles, d\u2019\u00e9quipes priv\u00e9es et d\u2019organisateurs de courses<\/strong>, J\u00e9r\u00f4me Fougeray accompagne ses clients \u00e0 travers des solutions de consulting sur mesure, ax\u00e9es sur :<\/p><ul><li data-start=\"2959\" data-end=\"3003\">La planification et la coordination d\u2019\u00e9v\u00e9nements motorsport<\/li><li data-start=\"3006\" data-end=\"3048\">La strat\u00e9gie de branding et la visibilit\u00e9 sur site<\/li><li data-start=\"3051\" data-end=\"3094\">Les concepts d\u2019hospitalit\u00e9 et l\u2019exp\u00e9rience invit\u00e9s<\/li><li data-start=\"3097\" data-end=\"3142\">La gestion des fournisseurs et l\u2019int\u00e9gration des projets<\/li><\/ul><p data-start=\"3144\" data-end=\"3355\">Chaque mission de conseil est con\u00e7ue pour r\u00e9pondre aux <strong data-start=\"3192\" data-end=\"3231\">objectifs sp\u00e9cifiques et aux contraintes propres<\/strong> \u00e0 chaque client. La clart\u00e9 des \u00e9changes, la capacit\u00e9 d\u2019adaptation et l\u2019attention port\u00e9e aux d\u00e9tails sont au c\u0153ur de l\u2019approche JF Racing Events.<\/p><p data-start=\"3357\" data-end=\"3581\">\u00c9voluant dans l\u2019univers exigeant et rythm\u00e9 du sport automobile, JF Racing Events propose un accompagnement <strong data-start=\"3446\" data-end=\"3500\">flexible, r\u00e9actif et orient\u00e9 r\u00e9sultats<\/strong>, avec un objectif clair : <strong data-start=\"3528\" data-end=\"3580\">d\u00e9passer les attentes et cr\u00e9er une valeur durable.<\/strong>.<\/p>\t\t\t\t\t\t\t\t<\/div>\n\t\t\t\t<\/div>\n\t\t\t\t\t<\/div>\n\t\t\t\t<\/div>\n\t\t\t\t<\/div>","protected":false},"excerpt":{"rendered":"<p>Motorsport Consulting &amp; Strategic Project Support JF Racing Events provides expert motorsport consulting services for teams, manufacturers, sponsors and event organisers seeking strategic insight and operational excellence. Drawing on decades of experience across factory teams, private teams and race organisers, Jerome Fougeray offers tailored consulting solutions focused on: Motorsport event planning and coordination Branding strategy&hellip;&nbsp;<\/p>","protected":false},"author":1,"featured_media":0,"parent":0,"menu_order":0,"comment_status":"closed","ping_status":"closed","template":"page-templates\/template-pagebuilder-full-width.php","meta":{"neve_meta_sidebar":"","neve_meta_container":"","neve_meta_enable_content_width":"","neve_meta_content_width":0,"neve_meta_title_alignment":"","neve_meta_author_avatar":"","neve_post_elements_order":"","neve_meta_disable_header":"","neve_meta_disable_footer":"","neve_meta_disable_title":"","footnotes":""},"class_list":["post-464","page","type-page","status-publish","hentry"],"yoast_head":"<!-- This site is optimized with the Yoast SEO plugin v27.4 - https:\/\/yoast.com\/product\/yoast-seo-wordpress\/ -->\n<title>Motorsport Consulting &amp; Strategic Support | JF Racing Events<\/title>\n<meta name=\"description\" content=\"Tailored motorsport consulting services for teams, sponsors and event organisers, combining strategy, operations and brand activation expertise.\" \/>\n<meta name=\"robots\" content=\"index, follow, max-snippet:-1, max-image-preview:large, max-video-preview:-1\" \/>\n<link rel=\"canonical\" href=\"https:\/\/jfracingevents.com\/fr\/consulting\/\" \/>\n<meta property=\"og:locale\" content=\"fr_FR\" \/>\n<meta property=\"og:type\" content=\"article\" \/>\n<meta property=\"og:title\" content=\"Motorsport Consulting &amp; Strategic Support | JF Racing Events\" \/>\n<meta property=\"og:description\" content=\"Tailored motorsport consulting services for teams, sponsors and event organisers, combining strategy, operations and brand activation expertise.\" \/>\n<meta property=\"og:url\" content=\"https:\/\/jfracingevents.com\/fr\/consulting\/\" \/>\n<meta property=\"og:site_name\" content=\"jfracingevents.com\" \/>\n<meta property=\"article:modified_time\" content=\"2026-03-02T15:05:21+00:00\" \/>\n<meta property=\"og:image\" content=\"https:\/\/jfracingevents.com\/wp-content\/uploads\/2026\/01\/Another-one-in-the-basket-Thank-you-Sao-Paulo-you-have-been-amazing-as-10-years-ago.Next-sto.jpg\" \/>\n\t<meta property=\"og:image:width\" content=\"1080\" \/>\n\t<meta property=\"og:image:height\" content=\"608\" \/>\n\t<meta property=\"og:image:type\" content=\"image\/jpeg\" \/>\n<meta name=\"twitter:card\" content=\"summary_large_image\" \/>\n<meta name=\"twitter:label1\" content=\"Dur\u00e9e de lecture estim\u00e9e\" \/>\n\t<meta name=\"twitter:data1\" content=\"1 minute\" \/>\n<script type=\"application\/ld+json\" class=\"yoast-schema-graph\">{\"@context\":\"https:\\\/\\\/schema.org\",\"@graph\":[{\"@type\":\"WebPage\",\"@id\":\"https:\\\/\\\/jfracingevents.com\\\/consulting\\\/\",\"url\":\"https:\\\/\\\/jfracingevents.com\\\/consulting\\\/\",\"name\":\"Motorsport Consulting & Strategic Support | JF Racing Events\",\"isPartOf\":{\"@id\":\"https:\\\/\\\/jfracingevents.com\\\/#website\"},\"primaryImageOfPage\":{\"@id\":\"https:\\\/\\\/jfracingevents.com\\\/consulting\\\/#primaryimage\"},\"image\":{\"@id\":\"https:\\\/\\\/jfracingevents.com\\\/consulting\\\/#primaryimage\"},\"thumbnailUrl\":\"https:\\\/\\\/jfracingevents.com\\\/wp-content\\\/uploads\\\/2026\\\/01\\\/Another-one-in-the-basket-Thank-you-Sao-Paulo-you-have-been-amazing-as-10-years-ago.Next-sto-1024x576.jpg\",\"datePublished\":\"2026-01-16T09:24:14+00:00\",\"dateModified\":\"2026-03-02T15:05:21+00:00\",\"description\":\"Tailored motorsport consulting services for teams, sponsors and event organisers, combining strategy, operations and brand activation expertise.\",\"breadcrumb\":{\"@id\":\"https:\\\/\\\/jfracingevents.com\\\/consulting\\\/#breadcrumb\"},\"inLanguage\":\"fr-FR\",\"potentialAction\":[{\"@type\":\"ReadAction\",\"target\":[\"https:\\\/\\\/jfracingevents.com\\\/consulting\\\/\"]}]},{\"@type\":\"ImageObject\",\"inLanguage\":\"fr-FR\",\"@id\":\"https:\\\/\\\/jfracingevents.com\\\/consulting\\\/#primaryimage\",\"url\":\"https:\\\/\\\/jfracingevents.com\\\/wp-content\\\/uploads\\\/2026\\\/01\\\/Another-one-in-the-basket-Thank-you-Sao-Paulo-you-have-been-amazing-as-10-years-ago.Next-sto-1024x576.jpg\",\"contentUrl\":\"https:\\\/\\\/jfracingevents.com\\\/wp-content\\\/uploads\\\/2026\\\/01\\\/Another-one-in-the-basket-Thank-you-Sao-Paulo-you-have-been-amazing-as-10-years-ago.Next-sto-1024x576.jpg\"},{\"@type\":\"BreadcrumbList\",\"@id\":\"https:\\\/\\\/jfracingevents.com\\\/consulting\\\/#breadcrumb\",\"itemListElement\":[{\"@type\":\"ListItem\",\"position\":1,\"name\":\"Accueil\",\"item\":\"https:\\\/\\\/jfracingevents.com\\\/\"},{\"@type\":\"ListItem\",\"position\":2,\"name\":\"Consulting\"}]},{\"@type\":\"WebSite\",\"@id\":\"https:\\\/\\\/jfracingevents.com\\\/#website\",\"url\":\"https:\\\/\\\/jfracingevents.com\\\/\",\"name\":\"jfracingevents.com\",\"description\":\"sports consulting\",\"publisher\":{\"@id\":\"https:\\\/\\\/jfracingevents.com\\\/#organization\"},\"potentialAction\":[{\"@type\":\"SearchAction\",\"target\":{\"@type\":\"EntryPoint\",\"urlTemplate\":\"https:\\\/\\\/jfracingevents.com\\\/?s={search_term_string}\"},\"query-input\":{\"@type\":\"PropertyValueSpecification\",\"valueRequired\":true,\"valueName\":\"search_term_string\"}}],\"inLanguage\":\"fr-FR\"},{\"@type\":\"Organization\",\"@id\":\"https:\\\/\\\/jfracingevents.com\\\/#organization\",\"name\":\"jfracingevents.com\",\"url\":\"https:\\\/\\\/jfracingevents.com\\\/\",\"logo\":{\"@type\":\"ImageObject\",\"inLanguage\":\"fr-FR\",\"@id\":\"https:\\\/\\\/jfracingevents.com\\\/#\\\/schema\\\/logo\\\/image\\\/\",\"url\":\"https:\\\/\\\/jfracingevents.com\\\/wp-content\\\/uploads\\\/2024\\\/09\\\/Logo-JF-Racing-Events-Moy-Def-CMJN-Sans-fond.png\",\"contentUrl\":\"https:\\\/\\\/jfracingevents.com\\\/wp-content\\\/uploads\\\/2024\\\/09\\\/Logo-JF-Racing-Events-Moy-Def-CMJN-Sans-fond.png\",\"width\":1772,\"height\":922,\"caption\":\"jfracingevents.com\"},\"image\":{\"@id\":\"https:\\\/\\\/jfracingevents.com\\\/#\\\/schema\\\/logo\\\/image\\\/\"}}]}<\/script>\n<!-- \/ Yoast SEO plugin. -->","yoast_head_json":{"title":"Motorsport Consulting & Strategic Support | JF Racing Events","description":"Tailored motorsport consulting services for teams, sponsors and event organisers, combining strategy, operations and brand activation expertise.","robots":{"index":"index","follow":"follow","max-snippet":"max-snippet:-1","max-image-preview":"max-image-preview:large","max-video-preview":"max-video-preview:-1"},"canonical":"https:\/\/jfracingevents.com\/fr\/consulting\/","og_locale":"fr_FR","og_type":"article","og_title":"Motorsport Consulting & Strategic Support | JF Racing Events","og_description":"Tailored motorsport consulting services for teams, sponsors and event organisers, combining strategy, operations and brand activation expertise.","og_url":"https:\/\/jfracingevents.com\/fr\/consulting\/","og_site_name":"jfracingevents.com","article_modified_time":"2026-03-02T15:05:21+00:00","og_image":[{"width":1080,"height":608,"url":"https:\/\/jfracingevents.com\/wp-content\/uploads\/2026\/01\/Another-one-in-the-basket-Thank-you-Sao-Paulo-you-have-been-amazing-as-10-years-ago.Next-sto.jpg","type":"image\/jpeg"}],"twitter_card":"summary_large_image","twitter_misc":{"Dur\u00e9e de lecture estim\u00e9e":"1 minute"},"schema":{"@context":"https:\/\/schema.org","@graph":[{"@type":"WebPage","@id":"https:\/\/jfracingevents.com\/consulting\/","url":"https:\/\/jfracingevents.com\/consulting\/","name":"Motorsport Consulting & Strategic Support | JF Racing Events","isPartOf":{"@id":"https:\/\/jfracingevents.com\/#website"},"primaryImageOfPage":{"@id":"https:\/\/jfracingevents.com\/consulting\/#primaryimage"},"image":{"@id":"https:\/\/jfracingevents.com\/consulting\/#primaryimage"},"thumbnailUrl":"https:\/\/jfracingevents.com\/wp-content\/uploads\/2026\/01\/Another-one-in-the-basket-Thank-you-Sao-Paulo-you-have-been-amazing-as-10-years-ago.Next-sto-1024x576.jpg","datePublished":"2026-01-16T09:24:14+00:00","dateModified":"2026-03-02T15:05:21+00:00","description":"Tailored motorsport consulting services for teams, sponsors and event organisers, combining strategy, operations and brand activation expertise.","breadcrumb":{"@id":"https:\/\/jfracingevents.com\/consulting\/#breadcrumb"},"inLanguage":"fr-FR","potentialAction":[{"@type":"ReadAction","target":["https:\/\/jfracingevents.com\/consulting\/"]}]},{"@type":"ImageObject","inLanguage":"fr-FR","@id":"https:\/\/jfracingevents.com\/consulting\/#primaryimage","url":"https:\/\/jfracingevents.com\/wp-content\/uploads\/2026\/01\/Another-one-in-the-basket-Thank-you-Sao-Paulo-you-have-been-amazing-as-10-years-ago.Next-sto-1024x576.jpg","contentUrl":"https:\/\/jfracingevents.com\/wp-content\/uploads\/2026\/01\/Another-one-in-the-basket-Thank-you-Sao-Paulo-you-have-been-amazing-as-10-years-ago.Next-sto-1024x576.jpg"},{"@type":"BreadcrumbList","@id":"https:\/\/jfracingevents.com\/consulting\/#breadcrumb","itemListElement":[{"@type":"ListItem","position":1,"name":"Accueil","item":"https:\/\/jfracingevents.com\/"},{"@type":"ListItem","position":2,"name":"Consulting"}]},{"@type":"WebSite","@id":"https:\/\/jfracingevents.com\/#website","url":"https:\/\/jfracingevents.com\/","name":"jfracingevents.com","description":"sports consulting","publisher":{"@id":"https:\/\/jfracingevents.com\/#organization"},"potentialAction":[{"@type":"SearchAction","target":{"@type":"EntryPoint","urlTemplate":"https:\/\/jfracingevents.com\/?s={search_term_string}"},"query-input":{"@type":"PropertyValueSpecification","valueRequired":true,"valueName":"search_term_string"}}],"inLanguage":"fr-FR"},{"@type":"Organization","@id":"https:\/\/jfracingevents.com\/#organization","name":"jfracingevents.com","url":"https:\/\/jfracingevents.com\/","logo":{"@type":"ImageObject","inLanguage":"fr-FR","@id":"https:\/\/jfracingevents.com\/#\/schema\/logo\/image\/","url":"https:\/\/jfracingevents.com\/wp-content\/uploads\/2024\/09\/Logo-JF-Racing-Events-Moy-Def-CMJN-Sans-fond.png","contentUrl":"https:\/\/jfracingevents.com\/wp-content\/uploads\/2024\/09\/Logo-JF-Racing-Events-Moy-Def-CMJN-Sans-fond.png","width":1772,"height":922,"caption":"jfracingevents.com"},"image":{"@id":"https:\/\/jfracingevents.com\/#\/schema\/logo\/image\/"}}]}},"jetpack_sharing_enabled":true,"_links":{"self":[{"href":"https:\/\/jfracingevents.com\/fr\/wp-json\/wp\/v2\/pages\/464","targetHints":{"allow":["GET"]}}],"collection":[{"href":"https:\/\/jfracingevents.com\/fr\/wp-json\/wp\/v2\/pages"}],"about":[{"href":"https:\/\/jfracingevents.com\/fr\/wp-json\/wp\/v2\/types\/page"}],"author":[{"embeddable":true,"href":"https:\/\/jfracingevents.com\/fr\/wp-json\/wp\/v2\/users\/1"}],"replies":[{"embeddable":true,"href":"https:\/\/jfracingevents.com\/fr\/wp-json\/wp\/v2\/comments?post=464"}],"version-history":[{"count":13,"href":"https:\/\/jfracingevents.com\/fr\/wp-json\/wp\/v2\/pages\/464\/revisions"}],"predecessor-version":[{"id":739,"href":"https:\/\/jfracingevents.com\/fr\/wp-json\/wp\/v2\/pages\/464\/revisions\/739"}],"wp:attachment":[{"href":"https:\/\/jfracingevents.com\/fr\/wp-json\/wp\/v2\/media?parent=464"}],"curies":[{"name":"wp","href":"https:\/\/api.w.org\/{rel}","templated":true}]}}